{"id":998,"date":"2023-11-10T17:45:21","date_gmt":"2023-11-10T16:45:21","guid":{"rendered":"https:\/\/www.articor.com\/producto\/gravat-saurio\/"},"modified":"2024-03-12T15:59:02","modified_gmt":"2024-03-12T14:59:02","slug":"gravat-saurio","status":"publish","type":"product","link":"https:\/\/www.articor.com\/ca\/producto\/gravat-saurio\/","title":{"rendered":"Gravat SAURIO"},"content":{"rendered":"<p>Teixit de suro, amb textura relleu imitaci\u00f3 a r\u00e8ptil-saure.<\/p>\n<p>Disponibles sobre suro MODEL BARCELONA o MODEL TABLAS. Possibilitat de diversos colors.<\/p>\n<p>Aquest material \u00e9s perfecte per cosir bosses, carteres fins i tot per a manualitats i Patchword.<\/p>\n<p>Es pot tallar a l\u00e0ser.<\/p>\n","protected":false},"excerpt":{"rendered":"<p>Teixit de suro, amb textura relleu imitaci\u00f3 a r\u00e8ptil-saure. Disponibles sobre suro MODEL BARCELONA o MODEL TABLAS. Possibilitat de diversos colors. Aquest material \u00e9s perfecte per cosir bosses, carteres fins i tot per a manualitats i Patchword. Es pot tallar a l\u00e0ser.<\/p>\n","protected":false},"featured_media":863,"comment_status":"closed","ping_status":"closed","template":"","meta":{"_et_pb_use_builder":"","_et_pb_old_content":"","_et_gb_content_width":""},"product_brand":[],"product_cat":[37],"product_tag":[],"class_list":{"0":"post-998","1":"product","2":"type-product","3":"status-publish","4":"has-post-thumbnail","6":"product_cat-gravats","8":"first","9":"instock","10":"taxable","11":"shipping-taxable","12":"product-type-simple"},"yoast_head":"<!-- This site is optimized with the Yoast SEO plugin v24.4 - https:\/\/yoast.com\/wordpress\/plugins\/seo\/ -->\n<title>Gravat SAURIO - Articor Cork Products<\/title>\n<meta name=\"robots\" content=\"index, follow, max-snippet:-1, max-image-preview:large, max-video-preview:-1\" \/>\n<link rel=\"canonical\" href=\"https:\/\/www.articor.com\/ca\/producto\/gravat-saurio\/\" \/>\n<meta property=\"og:locale\" content=\"ca_ES\" \/>\n<meta property=\"og:type\" content=\"article\" \/>\n<meta property=\"og:title\" content=\"Gravat SAURIO - Articor Cork Products\" \/>\n<meta property=\"og:description\" content=\"Teixit de suro, amb textura relleu imitaci\u00f3 a r\u00e8ptil-saure. Disponibles sobre suro MODEL BARCELONA o MODEL TABLAS. Possibilitat de diversos colors. Aquest material \u00e9s perfecte per cosir bosses, carteres fins i tot per a manualitats i Patchword. Es pot tallar a l\u00e0ser.\" \/>\n<meta property=\"og:url\" content=\"https:\/\/www.articor.com\/ca\/producto\/gravat-saurio\/\" \/>\n<meta property=\"og:site_name\" content=\"Articor Cork Products\" \/>\n<meta property=\"article:modified_time\" content=\"2024-03-12T14:59:02+00:00\" \/>\n<meta property=\"og:image\" content=\"https:\/\/www.articor.com\/wp-content\/uploads\/2023\/11\/textil-corcho-GRABADO-SAURIO_1-e1701423823181.jpg\" \/>\n\t<meta property=\"og:image:width\" content=\"2000\" \/>\n\t<meta property=\"og:image:height\" content=\"1500\" \/>\n\t<meta property=\"og:image:type\" content=\"image\/jpeg\" \/>\n<meta name=\"twitter:card\" content=\"summary_large_image\" \/>\n<script type=\"application\/ld+json\" class=\"yoast-schema-graph\">{\"@context\":\"https:\/\/schema.org\",\"@graph\":[{\"@type\":\"WebPage\",\"@id\":\"https:\/\/www.articor.com\/ca\/producto\/gravat-saurio\/\",\"url\":\"https:\/\/www.articor.com\/ca\/producto\/gravat-saurio\/\",\"name\":\"Gravat SAURIO - Articor Cork Products\",\"isPartOf\":{\"@id\":\"https:\/\/www.articor.com\/ca\/#website\"},\"primaryImageOfPage\":{\"@id\":\"https:\/\/www.articor.com\/ca\/producto\/gravat-saurio\/#primaryimage\"},\"image\":{\"@id\":\"https:\/\/www.articor.com\/ca\/producto\/gravat-saurio\/#primaryimage\"},\"thumbnailUrl\":\"https:\/\/www.articor.com\/wp-content\/uploads\/2023\/11\/textil-corcho-GRABADO-SAURIO_1-e1701423823181.jpg\",\"datePublished\":\"2023-11-10T16:45:21+00:00\",\"dateModified\":\"2024-03-12T14:59:02+00:00\",\"breadcrumb\":{\"@id\":\"https:\/\/www.articor.com\/ca\/producto\/gravat-saurio\/#breadcrumb\"},\"inLanguage\":\"ca\",\"potentialAction\":[{\"@type\":\"ReadAction\",\"target\":[\"https:\/\/www.articor.com\/ca\/producto\/gravat-saurio\/\"]}]},{\"@type\":\"ImageObject\",\"inLanguage\":\"ca\",\"@id\":\"https:\/\/www.articor.com\/ca\/producto\/gravat-saurio\/#primaryimage\",\"url\":\"https:\/\/www.articor.com\/wp-content\/uploads\/2023\/11\/textil-corcho-GRABADO-SAURIO_1-e1701423823181.jpg\",\"contentUrl\":\"https:\/\/www.articor.com\/wp-content\/uploads\/2023\/11\/textil-corcho-GRABADO-SAURIO_1-e1701423823181.jpg\",\"width\":2000,\"height\":1500,\"caption\":\"grabado textil corcho saurio-articork\"},{\"@type\":\"BreadcrumbList\",\"@id\":\"https:\/\/www.articor.com\/ca\/producto\/gravat-saurio\/#breadcrumb\",\"itemListElement\":[{\"@type\":\"ListItem\",\"position\":1,\"name\":\"Portada\",\"item\":\"https:\/\/www.articor.com\/ca\/home\/\"},{\"@type\":\"ListItem\",\"position\":2,\"name\":\"Productes\",\"item\":\"https:\/\/www.articor.com\/ca\/shop\/\"},{\"@type\":\"ListItem\",\"position\":3,\"name\":\"Gravat SAURIO\"}]},{\"@type\":\"WebSite\",\"@id\":\"https:\/\/www.articor.com\/ca\/#website\",\"url\":\"https:\/\/www.articor.com\/ca\/\",\"name\":\"Articor Cork Products\",\"description\":\"Fabricantes de productos derivados del corcho\",\"publisher\":{\"@id\":\"https:\/\/www.articor.com\/ca\/#organization\"},\"potentialAction\":[{\"@type\":\"SearchAction\",\"target\":{\"@type\":\"EntryPoint\",\"urlTemplate\":\"https:\/\/www.articor.com\/ca\/?s={search_term_string}\"},\"query-input\":{\"@type\":\"PropertyValueSpecification\",\"valueRequired\":true,\"valueName\":\"search_term_string\"}}],\"inLanguage\":\"ca\"},{\"@type\":\"Organization\",\"@id\":\"https:\/\/www.articor.com\/ca\/#organization\",\"name\":\"Articor Cork Products\",\"url\":\"https:\/\/www.articor.com\/ca\/\",\"logo\":{\"@type\":\"ImageObject\",\"inLanguage\":\"ca\",\"@id\":\"https:\/\/www.articor.com\/ca\/#\/schema\/logo\/image\/\",\"url\":\"https:\/\/www.articor.com\/wp-content\/uploads\/2023\/11\/logo_-blau_gris.png\",\"contentUrl\":\"https:\/\/www.articor.com\/wp-content\/uploads\/2023\/11\/logo_-blau_gris.png\",\"width\":233,\"height\":72,\"caption\":\"Articor Cork Products\"},\"image\":{\"@id\":\"https:\/\/www.articor.com\/ca\/#\/schema\/logo\/image\/\"}}]}<\/script>\n<!-- \/ Yoast SEO plugin. -->","yoast_head_json":{"title":"Gravat SAURIO - Articor Cork Products","robots":{"index":"index","follow":"follow","max-snippet":"max-snippet:-1","max-image-preview":"max-image-preview:large","max-video-preview":"max-video-preview:-1"},"canonical":"https:\/\/www.articor.com\/ca\/producto\/gravat-saurio\/","og_locale":"ca_ES","og_type":"article","og_title":"Gravat SAURIO - Articor Cork Products","og_description":"Teixit de suro, amb textura relleu imitaci\u00f3 a r\u00e8ptil-saure. Disponibles sobre suro MODEL BARCELONA o MODEL TABLAS. Possibilitat de diversos colors. Aquest material \u00e9s perfecte per cosir bosses, carteres fins i tot per a manualitats i Patchword. Es pot tallar a l\u00e0ser.","og_url":"https:\/\/www.articor.com\/ca\/producto\/gravat-saurio\/","og_site_name":"Articor Cork Products","article_modified_time":"2024-03-12T14:59:02+00:00","og_image":[{"width":2000,"height":1500,"url":"https:\/\/www.articor.com\/wp-content\/uploads\/2023\/11\/textil-corcho-GRABADO-SAURIO_1-e1701423823181.jpg","type":"image\/jpeg"}],"twitter_card":"summary_large_image","schema":{"@context":"https:\/\/schema.org","@graph":[{"@type":"WebPage","@id":"https:\/\/www.articor.com\/ca\/producto\/gravat-saurio\/","url":"https:\/\/www.articor.com\/ca\/producto\/gravat-saurio\/","name":"Gravat SAURIO - Articor Cork Products","isPartOf":{"@id":"https:\/\/www.articor.com\/ca\/#website"},"primaryImageOfPage":{"@id":"https:\/\/www.articor.com\/ca\/producto\/gravat-saurio\/#primaryimage"},"image":{"@id":"https:\/\/www.articor.com\/ca\/producto\/gravat-saurio\/#primaryimage"},"thumbnailUrl":"https:\/\/www.articor.com\/wp-content\/uploads\/2023\/11\/textil-corcho-GRABADO-SAURIO_1-e1701423823181.jpg","datePublished":"2023-11-10T16:45:21+00:00","dateModified":"2024-03-12T14:59:02+00:00","breadcrumb":{"@id":"https:\/\/www.articor.com\/ca\/producto\/gravat-saurio\/#breadcrumb"},"inLanguage":"ca","potentialAction":[{"@type":"ReadAction","target":["https:\/\/www.articor.com\/ca\/producto\/gravat-saurio\/"]}]},{"@type":"ImageObject","inLanguage":"ca","@id":"https:\/\/www.articor.com\/ca\/producto\/gravat-saurio\/#primaryimage","url":"https:\/\/www.articor.com\/wp-content\/uploads\/2023\/11\/textil-corcho-GRABADO-SAURIO_1-e1701423823181.jpg","contentUrl":"https:\/\/www.articor.com\/wp-content\/uploads\/2023\/11\/textil-corcho-GRABADO-SAURIO_1-e1701423823181.jpg","width":2000,"height":1500,"caption":"grabado textil corcho saurio-articork"},{"@type":"BreadcrumbList","@id":"https:\/\/www.articor.com\/ca\/producto\/gravat-saurio\/#breadcrumb","itemListElement":[{"@type":"ListItem","position":1,"name":"Portada","item":"https:\/\/www.articor.com\/ca\/home\/"},{"@type":"ListItem","position":2,"name":"Productes","item":"https:\/\/www.articor.com\/ca\/shop\/"},{"@type":"ListItem","position":3,"name":"Gravat SAURIO"}]},{"@type":"WebSite","@id":"https:\/\/www.articor.com\/ca\/#website","url":"https:\/\/www.articor.com\/ca\/","name":"Articor Cork Products","description":"Fabricantes de productos derivados del corcho","publisher":{"@id":"https:\/\/www.articor.com\/ca\/#organization"},"potentialAction":[{"@type":"SearchAction","target":{"@type":"EntryPoint","urlTemplate":"https:\/\/www.articor.com\/ca\/?s={search_term_string}"},"query-input":{"@type":"PropertyValueSpecification","valueRequired":true,"valueName":"search_term_string"}}],"inLanguage":"ca"},{"@type":"Organization","@id":"https:\/\/www.articor.com\/ca\/#organization","name":"Articor Cork Products","url":"https:\/\/www.articor.com\/ca\/","logo":{"@type":"ImageObject","inLanguage":"ca","@id":"https:\/\/www.articor.com\/ca\/#\/schema\/logo\/image\/","url":"https:\/\/www.articor.com\/wp-content\/uploads\/2023\/11\/logo_-blau_gris.png","contentUrl":"https:\/\/www.articor.com\/wp-content\/uploads\/2023\/11\/logo_-blau_gris.png","width":233,"height":72,"caption":"Articor Cork Products"},"image":{"@id":"https:\/\/www.articor.com\/ca\/#\/schema\/logo\/image\/"}}]}},"_links":{"self":[{"href":"https:\/\/www.articor.com\/ca\/wp-json\/wp\/v2\/product\/998","targetHints":{"allow":["GET"]}}],"collection":[{"href":"https:\/\/www.articor.com\/ca\/wp-json\/wp\/v2\/product"}],"about":[{"href":"https:\/\/www.articor.com\/ca\/wp-json\/wp\/v2\/types\/product"}],"replies":[{"embeddable":true,"href":"https:\/\/www.articor.com\/ca\/wp-json\/wp\/v2\/comments?post=998"}],"wp:featuredmedia":[{"embeddable":true,"href":"https:\/\/www.articor.com\/ca\/wp-json\/wp\/v2\/media\/863"}],"wp:attachment":[{"href":"https:\/\/www.articor.com\/ca\/wp-json\/wp\/v2\/media?parent=998"}],"wp:term":[{"taxonomy":"product_brand","embeddable":true,"href":"https:\/\/www.articor.com\/ca\/wp-json\/wp\/v2\/product_brand?post=998"},{"taxonomy":"product_cat","embeddable":true,"href":"https:\/\/www.articor.com\/ca\/wp-json\/wp\/v2\/product_cat?post=998"},{"taxonomy":"product_tag","embeddable":true,"href":"https:\/\/www.articor.com\/ca\/wp-json\/wp\/v2\/product_tag?post=998"}],"curies":[{"name":"wp","href":"https:\/\/api.w.org\/{rel}","templated":true}]}}