{"id":983,"date":"2023-11-11T12:22:37","date_gmt":"2023-11-11T11:22:37","guid":{"rendered":"https:\/\/www.articor.com\/producto\/model-praga\/"},"modified":"2024-05-20T09:33:01","modified_gmt":"2024-05-20T07:33:01","slug":"model-praga","status":"publish","type":"product","link":"https:\/\/www.articor.com\/ca\/producto\/model-praga\/","title":{"rendered":"Model Praga"},"content":{"rendered":"<p>Suro de qualitat superior, estructura lineal, compost de peces de suro i encenalls, tot el proc\u00e9s per a la composici\u00f3 d&#8217;aquest model \u00e9s manual.<\/p>\n<p>Aplicacions: parets, etiqueteria, enquadernaci\u00f3, arts gr\u00e0fiques i manualitats.<\/p>\n","protected":false},"excerpt":{"rendered":"<p>Suro de qualitat superior, estructura lineal, compost de peces de suro i encenalls, tot el proc\u00e9s per a la composici\u00f3 d&#8217;aquest model \u00e9s manual. Aplicacions: parets, etiqueteria, enquadernaci\u00f3, arts gr\u00e0fiques i manualitats.<\/p>\n","protected":false},"featured_media":747,"comment_status":"closed","ping_status":"closed","template":"","meta":{"_et_pb_use_builder":"","_et_pb_old_content":"","_et_gb_content_width":""},"product_brand":[],"product_cat":[38],"product_tag":[],"class_list":{"0":"post-983","1":"product","2":"type-product","3":"status-publish","4":"has-post-thumbnail","6":"product_cat-paper","8":"first","9":"instock","10":"taxable","11":"shipping-taxable","12":"product-type-simple"},"yoast_head":"<!-- This site is optimized with the Yoast SEO plugin v24.4 - https:\/\/yoast.com\/wordpress\/plugins\/seo\/ -->\n<title>Model Praga - Articor Cork Products<\/title>\n<meta name=\"robots\" content=\"index, follow, max-snippet:-1, max-image-preview:large, max-video-preview:-1\" \/>\n<link rel=\"canonical\" href=\"https:\/\/www.articor.com\/ca\/producto\/model-praga\/\" \/>\n<meta property=\"og:locale\" content=\"ca_ES\" \/>\n<meta property=\"og:type\" content=\"article\" \/>\n<meta property=\"og:title\" content=\"Model Praga - Articor Cork Products\" \/>\n<meta property=\"og:description\" content=\"Suro de qualitat superior, estructura lineal, compost de peces de suro i encenalls, tot el proc\u00e9s per a la composici\u00f3 d&#8217;aquest model \u00e9s manual. Aplicacions: parets, etiqueteria, enquadernaci\u00f3, arts gr\u00e0fiques i manualitats.\" \/>\n<meta property=\"og:url\" content=\"https:\/\/www.articor.com\/ca\/producto\/model-praga\/\" \/>\n<meta property=\"og:site_name\" content=\"Articor Cork Products\" \/>\n<meta property=\"article:modified_time\" content=\"2024-05-20T07:33:01+00:00\" \/>\n<meta property=\"og:image\" content=\"https:\/\/www.articor.com\/wp-content\/uploads\/2023\/11\/papel-corcho-praga-e1709644163671.jpg\" \/>\n\t<meta property=\"og:image:width\" content=\"2000\" \/>\n\t<meta property=\"og:image:height\" content=\"1408\" \/>\n\t<meta property=\"og:image:type\" content=\"image\/jpeg\" \/>\n<meta name=\"twitter:card\" content=\"summary_large_image\" \/>\n<meta name=\"twitter:label1\" content=\"Temps estimat de lectura\" \/>\n\t<meta name=\"twitter:data1\" content=\"1 minut\" \/>\n<script type=\"application\/ld+json\" class=\"yoast-schema-graph\">{\"@context\":\"https:\/\/schema.org\",\"@graph\":[{\"@type\":\"WebPage\",\"@id\":\"https:\/\/www.articor.com\/ca\/producto\/model-praga\/\",\"url\":\"https:\/\/www.articor.com\/ca\/producto\/model-praga\/\",\"name\":\"Model Praga - Articor Cork Products\",\"isPartOf\":{\"@id\":\"https:\/\/www.articor.com\/ca\/#website\"},\"primaryImageOfPage\":{\"@id\":\"https:\/\/www.articor.com\/ca\/producto\/model-praga\/#primaryimage\"},\"image\":{\"@id\":\"https:\/\/www.articor.com\/ca\/producto\/model-praga\/#primaryimage\"},\"thumbnailUrl\":\"https:\/\/www.articor.com\/wp-content\/uploads\/2023\/11\/papel-corcho-praga-e1716191870230.jpg\",\"datePublished\":\"2023-11-11T11:22:37+00:00\",\"dateModified\":\"2024-05-20T07:33:01+00:00\",\"breadcrumb\":{\"@id\":\"https:\/\/www.articor.com\/ca\/producto\/model-praga\/#breadcrumb\"},\"inLanguage\":\"ca\",\"potentialAction\":[{\"@type\":\"ReadAction\",\"target\":[\"https:\/\/www.articor.com\/ca\/producto\/model-praga\/\"]}]},{\"@type\":\"ImageObject\",\"inLanguage\":\"ca\",\"@id\":\"https:\/\/www.articor.com\/ca\/producto\/model-praga\/#primaryimage\",\"url\":\"https:\/\/www.articor.com\/wp-content\/uploads\/2023\/11\/papel-corcho-praga-e1716191870230.jpg\",\"contentUrl\":\"https:\/\/www.articor.com\/wp-content\/uploads\/2023\/11\/papel-corcho-praga-e1716191870230.jpg\",\"width\":1406,\"height\":1406,\"caption\":\"corcho wallcovering\"},{\"@type\":\"BreadcrumbList\",\"@id\":\"https:\/\/www.articor.com\/ca\/producto\/model-praga\/#breadcrumb\",\"itemListElement\":[{\"@type\":\"ListItem\",\"position\":1,\"name\":\"Portada\",\"item\":\"https:\/\/www.articor.com\/ca\/home\/\"},{\"@type\":\"ListItem\",\"position\":2,\"name\":\"Productes\",\"item\":\"https:\/\/www.articor.com\/ca\/shop\/\"},{\"@type\":\"ListItem\",\"position\":3,\"name\":\"Model Praga\"}]},{\"@type\":\"WebSite\",\"@id\":\"https:\/\/www.articor.com\/ca\/#website\",\"url\":\"https:\/\/www.articor.com\/ca\/\",\"name\":\"Articor Cork Products\",\"description\":\"Fabricantes de productos derivados del corcho\",\"publisher\":{\"@id\":\"https:\/\/www.articor.com\/ca\/#organization\"},\"potentialAction\":[{\"@type\":\"SearchAction\",\"target\":{\"@type\":\"EntryPoint\",\"urlTemplate\":\"https:\/\/www.articor.com\/ca\/?s={search_term_string}\"},\"query-input\":{\"@type\":\"PropertyValueSpecification\",\"valueRequired\":true,\"valueName\":\"search_term_string\"}}],\"inLanguage\":\"ca\"},{\"@type\":\"Organization\",\"@id\":\"https:\/\/www.articor.com\/ca\/#organization\",\"name\":\"Articor Cork Products\",\"url\":\"https:\/\/www.articor.com\/ca\/\",\"logo\":{\"@type\":\"ImageObject\",\"inLanguage\":\"ca\",\"@id\":\"https:\/\/www.articor.com\/ca\/#\/schema\/logo\/image\/\",\"url\":\"https:\/\/www.articor.com\/wp-content\/uploads\/2023\/11\/logo_-blau_gris.png\",\"contentUrl\":\"https:\/\/www.articor.com\/wp-content\/uploads\/2023\/11\/logo_-blau_gris.png\",\"width\":233,\"height\":72,\"caption\":\"Articor Cork Products\"},\"image\":{\"@id\":\"https:\/\/www.articor.com\/ca\/#\/schema\/logo\/image\/\"}}]}<\/script>\n<!-- \/ Yoast SEO plugin. -->","yoast_head_json":{"title":"Model Praga - Articor Cork Products","robots":{"index":"index","follow":"follow","max-snippet":"max-snippet:-1","max-image-preview":"max-image-preview:large","max-video-preview":"max-video-preview:-1"},"canonical":"https:\/\/www.articor.com\/ca\/producto\/model-praga\/","og_locale":"ca_ES","og_type":"article","og_title":"Model Praga - Articor Cork Products","og_description":"Suro de qualitat superior, estructura lineal, compost de peces de suro i encenalls, tot el proc\u00e9s per a la composici\u00f3 d&#8217;aquest model \u00e9s manual. Aplicacions: parets, etiqueteria, enquadernaci\u00f3, arts gr\u00e0fiques i manualitats.","og_url":"https:\/\/www.articor.com\/ca\/producto\/model-praga\/","og_site_name":"Articor Cork Products","article_modified_time":"2024-05-20T07:33:01+00:00","og_image":[{"width":2000,"height":1408,"url":"https:\/\/www.articor.com\/wp-content\/uploads\/2023\/11\/papel-corcho-praga-e1709644163671.jpg","type":"image\/jpeg"}],"twitter_card":"summary_large_image","twitter_misc":{"Temps estimat de lectura":"1 minut"},"schema":{"@context":"https:\/\/schema.org","@graph":[{"@type":"WebPage","@id":"https:\/\/www.articor.com\/ca\/producto\/model-praga\/","url":"https:\/\/www.articor.com\/ca\/producto\/model-praga\/","name":"Model Praga - Articor Cork Products","isPartOf":{"@id":"https:\/\/www.articor.com\/ca\/#website"},"primaryImageOfPage":{"@id":"https:\/\/www.articor.com\/ca\/producto\/model-praga\/#primaryimage"},"image":{"@id":"https:\/\/www.articor.com\/ca\/producto\/model-praga\/#primaryimage"},"thumbnailUrl":"https:\/\/www.articor.com\/wp-content\/uploads\/2023\/11\/papel-corcho-praga-e1716191870230.jpg","datePublished":"2023-11-11T11:22:37+00:00","dateModified":"2024-05-20T07:33:01+00:00","breadcrumb":{"@id":"https:\/\/www.articor.com\/ca\/producto\/model-praga\/#breadcrumb"},"inLanguage":"ca","potentialAction":[{"@type":"ReadAction","target":["https:\/\/www.articor.com\/ca\/producto\/model-praga\/"]}]},{"@type":"ImageObject","inLanguage":"ca","@id":"https:\/\/www.articor.com\/ca\/producto\/model-praga\/#primaryimage","url":"https:\/\/www.articor.com\/wp-content\/uploads\/2023\/11\/papel-corcho-praga-e1716191870230.jpg","contentUrl":"https:\/\/www.articor.com\/wp-content\/uploads\/2023\/11\/papel-corcho-praga-e1716191870230.jpg","width":1406,"height":1406,"caption":"corcho wallcovering"},{"@type":"BreadcrumbList","@id":"https:\/\/www.articor.com\/ca\/producto\/model-praga\/#breadcrumb","itemListElement":[{"@type":"ListItem","position":1,"name":"Portada","item":"https:\/\/www.articor.com\/ca\/home\/"},{"@type":"ListItem","position":2,"name":"Productes","item":"https:\/\/www.articor.com\/ca\/shop\/"},{"@type":"ListItem","position":3,"name":"Model Praga"}]},{"@type":"WebSite","@id":"https:\/\/www.articor.com\/ca\/#website","url":"https:\/\/www.articor.com\/ca\/","name":"Articor Cork Products","description":"Fabricantes de productos derivados del corcho","publisher":{"@id":"https:\/\/www.articor.com\/ca\/#organization"},"potentialAction":[{"@type":"SearchAction","target":{"@type":"EntryPoint","urlTemplate":"https:\/\/www.articor.com\/ca\/?s={search_term_string}"},"query-input":{"@type":"PropertyValueSpecification","valueRequired":true,"valueName":"search_term_string"}}],"inLanguage":"ca"},{"@type":"Organization","@id":"https:\/\/www.articor.com\/ca\/#organization","name":"Articor Cork Products","url":"https:\/\/www.articor.com\/ca\/","logo":{"@type":"ImageObject","inLanguage":"ca","@id":"https:\/\/www.articor.com\/ca\/#\/schema\/logo\/image\/","url":"https:\/\/www.articor.com\/wp-content\/uploads\/2023\/11\/logo_-blau_gris.png","contentUrl":"https:\/\/www.articor.com\/wp-content\/uploads\/2023\/11\/logo_-blau_gris.png","width":233,"height":72,"caption":"Articor Cork Products"},"image":{"@id":"https:\/\/www.articor.com\/ca\/#\/schema\/logo\/image\/"}}]}},"_links":{"self":[{"href":"https:\/\/www.articor.com\/ca\/wp-json\/wp\/v2\/product\/983","targetHints":{"allow":["GET"]}}],"collection":[{"href":"https:\/\/www.articor.com\/ca\/wp-json\/wp\/v2\/product"}],"about":[{"href":"https:\/\/www.articor.com\/ca\/wp-json\/wp\/v2\/types\/product"}],"replies":[{"embeddable":true,"href":"https:\/\/www.articor.com\/ca\/wp-json\/wp\/v2\/comments?post=983"}],"wp:featuredmedia":[{"embeddable":true,"href":"https:\/\/www.articor.com\/ca\/wp-json\/wp\/v2\/media\/747"}],"wp:attachment":[{"href":"https:\/\/www.articor.com\/ca\/wp-json\/wp\/v2\/media?parent=983"}],"wp:term":[{"taxonomy":"product_brand","embeddable":true,"href":"https:\/\/www.articor.com\/ca\/wp-json\/wp\/v2\/product_brand?post=983"},{"taxonomy":"product_cat","embeddable":true,"href":"https:\/\/www.articor.com\/ca\/wp-json\/wp\/v2\/product_cat?post=983"},{"taxonomy":"product_tag","embeddable":true,"href":"https:\/\/www.articor.com\/ca\/wp-json\/wp\/v2\/product_tag?post=983"}],"curies":[{"name":"wp","href":"https:\/\/api.w.org\/{rel}","templated":true}]}}