{"id":1032,"date":"2023-11-10T12:14:24","date_gmt":"2023-11-10T11:14:24","guid":{"rendered":"https:\/\/www.articor.com\/producto\/model-sils\/"},"modified":"2023-11-10T12:14:24","modified_gmt":"2023-11-10T11:14:24","slug":"model-sils","status":"publish","type":"product","link":"https:\/\/www.articor.com\/ca\/producto\/model-sils\/","title":{"rendered":"Model Sils"},"content":{"rendered":"<p>Model fabricat amb restes de taps i encenalls de suro que han estat rebutjats durant la producci\u00f3 de taps. Articor reutilitza aquests materials. T\u00e9 un tacte suau i agradable.<\/p>\n<p>Disponibilitat en alguns colors (consulteu).<\/p>\n<p>Aquest material \u00e9s perfecte per fabricar bosses, cal\u00e7at, carteres, decoraci\u00f3 d&#8217;interiors, entapissar mobles fins i tot per a manualitats i Patchword. Es pot tallar a l\u00e0ser.<\/p>\n<p>Teixit apte per a vegans.<\/p>\n<p>Disponible en diversos gruixos des de 0,7mm fins a 1mm aproximadament.<\/p>\n","protected":false},"excerpt":{"rendered":"<p>Model fabricat amb restes de taps i encenalls de suro que han estat rebutjats durant la producci\u00f3 de taps. Articor reutilitza aquests materials. T\u00e9 un tacte suau i agradable. Disponibilitat en alguns colors (consulteu). Aquest material \u00e9s perfecte per fabricar bosses, cal\u00e7at, carteres, decoraci\u00f3 d&#8217;interiors, entapissar mobles fins i tot per a manualitats i Patchword. [&hellip;]<\/p>\n","protected":false},"featured_media":637,"comment_status":"closed","ping_status":"closed","template":"","meta":{"_et_pb_use_builder":"","_et_pb_old_content":"","_et_gb_content_width":""},"product_brand":[],"product_cat":[40],"product_tag":[],"class_list":{"0":"post-1032","1":"product","2":"type-product","3":"status-publish","4":"has-post-thumbnail","6":"product_cat-textil-suro","8":"first","9":"instock","10":"taxable","11":"shipping-taxable","12":"product-type-simple"},"yoast_head":"<!-- This site is optimized with the Yoast SEO plugin v24.4 - https:\/\/yoast.com\/wordpress\/plugins\/seo\/ -->\n<title>Model Sils - Articor Cork Products<\/title>\n<meta name=\"robots\" content=\"index, follow, max-snippet:-1, max-image-preview:large, max-video-preview:-1\" \/>\n<link rel=\"canonical\" href=\"https:\/\/www.articor.com\/ca\/producto\/model-sils\/\" \/>\n<meta property=\"og:locale\" content=\"ca_ES\" \/>\n<meta property=\"og:type\" content=\"article\" \/>\n<meta property=\"og:title\" content=\"Model Sils - Articor Cork Products\" \/>\n<meta property=\"og:description\" content=\"Model fabricat amb restes de taps i encenalls de suro que han estat rebutjats durant la producci\u00f3 de taps. Articor reutilitza aquests materials. T\u00e9 un tacte suau i agradable. Disponibilitat en alguns colors (consulteu). Aquest material \u00e9s perfecte per fabricar bosses, cal\u00e7at, carteres, decoraci\u00f3 d&#8217;interiors, entapissar mobles fins i tot per a manualitats i Patchword. [&hellip;]\" \/>\n<meta property=\"og:url\" content=\"https:\/\/www.articor.com\/ca\/producto\/model-sils\/\" \/>\n<meta property=\"og:site_name\" content=\"Articor Cork Products\" \/>\n<meta property=\"og:image\" content=\"https:\/\/www.articor.com\/wp-content\/uploads\/2023\/11\/textil-corcho-sils-e1709644371995.jpg\" \/>\n\t<meta property=\"og:image:width\" content=\"2000\" \/>\n\t<meta property=\"og:image:height\" content=\"1266\" \/>\n\t<meta property=\"og:image:type\" content=\"image\/jpeg\" \/>\n<meta name=\"twitter:card\" content=\"summary_large_image\" \/>\n<script type=\"application\/ld+json\" class=\"yoast-schema-graph\">{\"@context\":\"https:\/\/schema.org\",\"@graph\":[{\"@type\":\"WebPage\",\"@id\":\"https:\/\/www.articor.com\/ca\/producto\/model-sils\/\",\"url\":\"https:\/\/www.articor.com\/ca\/producto\/model-sils\/\",\"name\":\"Model Sils - Articor Cork Products\",\"isPartOf\":{\"@id\":\"https:\/\/www.articor.com\/ca\/#website\"},\"primaryImageOfPage\":{\"@id\":\"https:\/\/www.articor.com\/ca\/producto\/model-sils\/#primaryimage\"},\"image\":{\"@id\":\"https:\/\/www.articor.com\/ca\/producto\/model-sils\/#primaryimage\"},\"thumbnailUrl\":\"https:\/\/www.articor.com\/wp-content\/uploads\/2023\/11\/textil-corcho-sils-e1716192058144.jpg\",\"datePublished\":\"2023-11-10T11:14:24+00:00\",\"breadcrumb\":{\"@id\":\"https:\/\/www.articor.com\/ca\/producto\/model-sils\/#breadcrumb\"},\"inLanguage\":\"ca\",\"potentialAction\":[{\"@type\":\"ReadAction\",\"target\":[\"https:\/\/www.articor.com\/ca\/producto\/model-sils\/\"]}]},{\"@type\":\"ImageObject\",\"inLanguage\":\"ca\",\"@id\":\"https:\/\/www.articor.com\/ca\/producto\/model-sils\/#primaryimage\",\"url\":\"https:\/\/www.articor.com\/wp-content\/uploads\/2023\/11\/textil-corcho-sils-e1716192058144.jpg\",\"contentUrl\":\"https:\/\/www.articor.com\/wp-content\/uploads\/2023\/11\/textil-corcho-sils-e1716192058144.jpg\",\"width\":1266,\"height\":1266,\"caption\":\"tela-corcho-tejido- Articor\"},{\"@type\":\"BreadcrumbList\",\"@id\":\"https:\/\/www.articor.com\/ca\/producto\/model-sils\/#breadcrumb\",\"itemListElement\":[{\"@type\":\"ListItem\",\"position\":1,\"name\":\"Portada\",\"item\":\"https:\/\/www.articor.com\/ca\/home\/\"},{\"@type\":\"ListItem\",\"position\":2,\"name\":\"Productes\",\"item\":\"https:\/\/www.articor.com\/ca\/shop\/\"},{\"@type\":\"ListItem\",\"position\":3,\"name\":\"Model Sils\"}]},{\"@type\":\"WebSite\",\"@id\":\"https:\/\/www.articor.com\/ca\/#website\",\"url\":\"https:\/\/www.articor.com\/ca\/\",\"name\":\"Articor Cork Products\",\"description\":\"Fabricantes de productos derivados del corcho\",\"publisher\":{\"@id\":\"https:\/\/www.articor.com\/ca\/#organization\"},\"potentialAction\":[{\"@type\":\"SearchAction\",\"target\":{\"@type\":\"EntryPoint\",\"urlTemplate\":\"https:\/\/www.articor.com\/ca\/?s={search_term_string}\"},\"query-input\":{\"@type\":\"PropertyValueSpecification\",\"valueRequired\":true,\"valueName\":\"search_term_string\"}}],\"inLanguage\":\"ca\"},{\"@type\":\"Organization\",\"@id\":\"https:\/\/www.articor.com\/ca\/#organization\",\"name\":\"Articor Cork Products\",\"url\":\"https:\/\/www.articor.com\/ca\/\",\"logo\":{\"@type\":\"ImageObject\",\"inLanguage\":\"ca\",\"@id\":\"https:\/\/www.articor.com\/ca\/#\/schema\/logo\/image\/\",\"url\":\"https:\/\/www.articor.com\/wp-content\/uploads\/2023\/11\/logo_-blau_gris.png\",\"contentUrl\":\"https:\/\/www.articor.com\/wp-content\/uploads\/2023\/11\/logo_-blau_gris.png\",\"width\":233,\"height\":72,\"caption\":\"Articor Cork Products\"},\"image\":{\"@id\":\"https:\/\/www.articor.com\/ca\/#\/schema\/logo\/image\/\"}}]}<\/script>\n<!-- \/ Yoast SEO plugin. -->","yoast_head_json":{"title":"Model Sils - Articor Cork Products","robots":{"index":"index","follow":"follow","max-snippet":"max-snippet:-1","max-image-preview":"max-image-preview:large","max-video-preview":"max-video-preview:-1"},"canonical":"https:\/\/www.articor.com\/ca\/producto\/model-sils\/","og_locale":"ca_ES","og_type":"article","og_title":"Model Sils - Articor Cork Products","og_description":"Model fabricat amb restes de taps i encenalls de suro que han estat rebutjats durant la producci\u00f3 de taps. Articor reutilitza aquests materials. T\u00e9 un tacte suau i agradable. Disponibilitat en alguns colors (consulteu). Aquest material \u00e9s perfecte per fabricar bosses, cal\u00e7at, carteres, decoraci\u00f3 d&#8217;interiors, entapissar mobles fins i tot per a manualitats i Patchword. [&hellip;]","og_url":"https:\/\/www.articor.com\/ca\/producto\/model-sils\/","og_site_name":"Articor Cork Products","og_image":[{"width":2000,"height":1266,"url":"https:\/\/www.articor.com\/wp-content\/uploads\/2023\/11\/textil-corcho-sils-e1709644371995.jpg","type":"image\/jpeg"}],"twitter_card":"summary_large_image","schema":{"@context":"https:\/\/schema.org","@graph":[{"@type":"WebPage","@id":"https:\/\/www.articor.com\/ca\/producto\/model-sils\/","url":"https:\/\/www.articor.com\/ca\/producto\/model-sils\/","name":"Model Sils - Articor Cork Products","isPartOf":{"@id":"https:\/\/www.articor.com\/ca\/#website"},"primaryImageOfPage":{"@id":"https:\/\/www.articor.com\/ca\/producto\/model-sils\/#primaryimage"},"image":{"@id":"https:\/\/www.articor.com\/ca\/producto\/model-sils\/#primaryimage"},"thumbnailUrl":"https:\/\/www.articor.com\/wp-content\/uploads\/2023\/11\/textil-corcho-sils-e1716192058144.jpg","datePublished":"2023-11-10T11:14:24+00:00","breadcrumb":{"@id":"https:\/\/www.articor.com\/ca\/producto\/model-sils\/#breadcrumb"},"inLanguage":"ca","potentialAction":[{"@type":"ReadAction","target":["https:\/\/www.articor.com\/ca\/producto\/model-sils\/"]}]},{"@type":"ImageObject","inLanguage":"ca","@id":"https:\/\/www.articor.com\/ca\/producto\/model-sils\/#primaryimage","url":"https:\/\/www.articor.com\/wp-content\/uploads\/2023\/11\/textil-corcho-sils-e1716192058144.jpg","contentUrl":"https:\/\/www.articor.com\/wp-content\/uploads\/2023\/11\/textil-corcho-sils-e1716192058144.jpg","width":1266,"height":1266,"caption":"tela-corcho-tejido- Articor"},{"@type":"BreadcrumbList","@id":"https:\/\/www.articor.com\/ca\/producto\/model-sils\/#breadcrumb","itemListElement":[{"@type":"ListItem","position":1,"name":"Portada","item":"https:\/\/www.articor.com\/ca\/home\/"},{"@type":"ListItem","position":2,"name":"Productes","item":"https:\/\/www.articor.com\/ca\/shop\/"},{"@type":"ListItem","position":3,"name":"Model Sils"}]},{"@type":"WebSite","@id":"https:\/\/www.articor.com\/ca\/#website","url":"https:\/\/www.articor.com\/ca\/","name":"Articor Cork Products","description":"Fabricantes de productos derivados del corcho","publisher":{"@id":"https:\/\/www.articor.com\/ca\/#organization"},"potentialAction":[{"@type":"SearchAction","target":{"@type":"EntryPoint","urlTemplate":"https:\/\/www.articor.com\/ca\/?s={search_term_string}"},"query-input":{"@type":"PropertyValueSpecification","valueRequired":true,"valueName":"search_term_string"}}],"inLanguage":"ca"},{"@type":"Organization","@id":"https:\/\/www.articor.com\/ca\/#organization","name":"Articor Cork Products","url":"https:\/\/www.articor.com\/ca\/","logo":{"@type":"ImageObject","inLanguage":"ca","@id":"https:\/\/www.articor.com\/ca\/#\/schema\/logo\/image\/","url":"https:\/\/www.articor.com\/wp-content\/uploads\/2023\/11\/logo_-blau_gris.png","contentUrl":"https:\/\/www.articor.com\/wp-content\/uploads\/2023\/11\/logo_-blau_gris.png","width":233,"height":72,"caption":"Articor Cork Products"},"image":{"@id":"https:\/\/www.articor.com\/ca\/#\/schema\/logo\/image\/"}}]}},"_links":{"self":[{"href":"https:\/\/www.articor.com\/ca\/wp-json\/wp\/v2\/product\/1032","targetHints":{"allow":["GET"]}}],"collection":[{"href":"https:\/\/www.articor.com\/ca\/wp-json\/wp\/v2\/product"}],"about":[{"href":"https:\/\/www.articor.com\/ca\/wp-json\/wp\/v2\/types\/product"}],"replies":[{"embeddable":true,"href":"https:\/\/www.articor.com\/ca\/wp-json\/wp\/v2\/comments?post=1032"}],"wp:featuredmedia":[{"embeddable":true,"href":"https:\/\/www.articor.com\/ca\/wp-json\/wp\/v2\/media\/637"}],"wp:attachment":[{"href":"https:\/\/www.articor.com\/ca\/wp-json\/wp\/v2\/media?parent=1032"}],"wp:term":[{"taxonomy":"product_brand","embeddable":true,"href":"https:\/\/www.articor.com\/ca\/wp-json\/wp\/v2\/product_brand?post=1032"},{"taxonomy":"product_cat","embeddable":true,"href":"https:\/\/www.articor.com\/ca\/wp-json\/wp\/v2\/product_cat?post=1032"},{"taxonomy":"product_tag","embeddable":true,"href":"https:\/\/www.articor.com\/ca\/wp-json\/wp\/v2\/product_tag?post=1032"}],"curies":[{"name":"wp","href":"https:\/\/api.w.org\/{rel}","templated":true}]}}