{"id":1030,"date":"2023-11-10T12:30:40","date_gmt":"2023-11-10T11:30:40","guid":{"rendered":"https:\/\/www.articor.com\/producto\/model-garbi\/"},"modified":"2024-09-25T12:51:38","modified_gmt":"2024-09-25T10:51:38","slug":"model-garbi","status":"publish","type":"product","link":"https:\/\/www.articor.com\/ca\/producto\/model-garbi\/","title":{"rendered":"Model Garbi"},"content":{"rendered":"<p>Suro de qualitat superior, estructura lineal, compost de peces de suro i encenalls , tot el proc\u00e9s per a la composici\u00f3 d&#8217;aquest model \u00e9s manual. T\u00e9 un tacte suau i agradable. Disponible en alguns colors ( consulteu disponibilitat) . Aquest material \u00e9s perfecte per fabricar bosses, cal\u00e7at, carteres, decoraci\u00f3 d&#8217;interiors, entapissar mobles fins i tot per a manualitats i Patchword. Es pot tallar a l\u00e0ser. Teixit apte per a vegans. Disponible en diversos colors i en natural. Gruix del teixit 0&#8217;85mm.<\/p>\n","protected":false},"excerpt":{"rendered":"<p>Suro de qualitat superior, estructura lineal, compost de peces de suro i encenalls , tot el proc\u00e9s per a la composici\u00f3 d&#8217;aquest model \u00e9s manual. T\u00e9 un tacte suau i agradable. Disponible en alguns colors ( consulteu disponibilitat) . Aquest material \u00e9s perfecte per fabricar bosses, cal\u00e7at, carteres, decoraci\u00f3 d&#8217;interiors, entapissar mobles fins i tot [&hellip;]<\/p>\n","protected":false},"featured_media":777,"comment_status":"closed","ping_status":"closed","template":"","meta":{"_et_pb_use_builder":"","_et_pb_old_content":"","_et_gb_content_width":""},"product_brand":[],"product_cat":[40],"product_tag":[],"class_list":{"0":"post-1030","1":"product","2":"type-product","3":"status-publish","4":"has-post-thumbnail","6":"product_cat-textil-suro","8":"first","9":"instock","10":"taxable","11":"shipping-taxable","12":"product-type-simple"},"yoast_head":"<!-- This site is optimized with the Yoast SEO plugin v24.4 - https:\/\/yoast.com\/wordpress\/plugins\/seo\/ -->\n<title>Model Garbi - Articor Cork Products<\/title>\n<meta name=\"robots\" content=\"index, follow, max-snippet:-1, max-image-preview:large, max-video-preview:-1\" \/>\n<link rel=\"canonical\" href=\"https:\/\/www.articor.com\/ca\/producto\/model-garbi\/\" \/>\n<meta property=\"og:locale\" content=\"ca_ES\" \/>\n<meta property=\"og:type\" content=\"article\" \/>\n<meta property=\"og:title\" content=\"Model Garbi - Articor Cork Products\" \/>\n<meta property=\"og:description\" content=\"Suro de qualitat superior, estructura lineal, compost de peces de suro i encenalls , tot el proc\u00e9s per a la composici\u00f3 d&#8217;aquest model \u00e9s manual. T\u00e9 un tacte suau i agradable. Disponible en alguns colors ( consulteu disponibilitat) . Aquest material \u00e9s perfecte per fabricar bosses, cal\u00e7at, carteres, decoraci\u00f3 d&#8217;interiors, entapissar mobles fins i tot [&hellip;]\" \/>\n<meta property=\"og:url\" content=\"https:\/\/www.articor.com\/ca\/producto\/model-garbi\/\" \/>\n<meta property=\"og:site_name\" content=\"Articor Cork Products\" \/>\n<meta property=\"article:modified_time\" content=\"2024-09-25T10:51:38+00:00\" \/>\n<meta property=\"og:image\" content=\"https:\/\/www.articor.com\/wp-content\/uploads\/2023\/11\/modelo-garbi-0-e1716191800231.jpg\" \/>\n\t<meta property=\"og:image:width\" content=\"1446\" \/>\n\t<meta property=\"og:image:height\" content=\"1446\" \/>\n\t<meta property=\"og:image:type\" content=\"image\/jpeg\" \/>\n<meta name=\"twitter:card\" content=\"summary_large_image\" \/>\n<script type=\"application\/ld+json\" class=\"yoast-schema-graph\">{\"@context\":\"https:\/\/schema.org\",\"@graph\":[{\"@type\":\"WebPage\",\"@id\":\"https:\/\/www.articor.com\/ca\/producto\/model-garbi\/\",\"url\":\"https:\/\/www.articor.com\/ca\/producto\/model-garbi\/\",\"name\":\"Model Garbi - Articor Cork Products\",\"isPartOf\":{\"@id\":\"https:\/\/www.articor.com\/ca\/#website\"},\"primaryImageOfPage\":{\"@id\":\"https:\/\/www.articor.com\/ca\/producto\/model-garbi\/#primaryimage\"},\"image\":{\"@id\":\"https:\/\/www.articor.com\/ca\/producto\/model-garbi\/#primaryimage\"},\"thumbnailUrl\":\"https:\/\/www.articor.com\/wp-content\/uploads\/2023\/11\/modelo-garbi-0-e1716191800231.jpg\",\"datePublished\":\"2023-11-10T11:30:40+00:00\",\"dateModified\":\"2024-09-25T10:51:38+00:00\",\"breadcrumb\":{\"@id\":\"https:\/\/www.articor.com\/ca\/producto\/model-garbi\/#breadcrumb\"},\"inLanguage\":\"ca\",\"potentialAction\":[{\"@type\":\"ReadAction\",\"target\":[\"https:\/\/www.articor.com\/ca\/producto\/model-garbi\/\"]}]},{\"@type\":\"ImageObject\",\"inLanguage\":\"ca\",\"@id\":\"https:\/\/www.articor.com\/ca\/producto\/model-garbi\/#primaryimage\",\"url\":\"https:\/\/www.articor.com\/wp-content\/uploads\/2023\/11\/modelo-garbi-0-e1716191800231.jpg\",\"contentUrl\":\"https:\/\/www.articor.com\/wp-content\/uploads\/2023\/11\/modelo-garbi-0-e1716191800231.jpg\",\"width\":1446,\"height\":1446},{\"@type\":\"BreadcrumbList\",\"@id\":\"https:\/\/www.articor.com\/ca\/producto\/model-garbi\/#breadcrumb\",\"itemListElement\":[{\"@type\":\"ListItem\",\"position\":1,\"name\":\"Portada\",\"item\":\"https:\/\/www.articor.com\/ca\/home\/\"},{\"@type\":\"ListItem\",\"position\":2,\"name\":\"Productes\",\"item\":\"https:\/\/www.articor.com\/ca\/shop\/\"},{\"@type\":\"ListItem\",\"position\":3,\"name\":\"Model Garbi\"}]},{\"@type\":\"WebSite\",\"@id\":\"https:\/\/www.articor.com\/ca\/#website\",\"url\":\"https:\/\/www.articor.com\/ca\/\",\"name\":\"Articor Cork Products\",\"description\":\"Fabricantes de productos derivados del corcho\",\"publisher\":{\"@id\":\"https:\/\/www.articor.com\/ca\/#organization\"},\"potentialAction\":[{\"@type\":\"SearchAction\",\"target\":{\"@type\":\"EntryPoint\",\"urlTemplate\":\"https:\/\/www.articor.com\/ca\/?s={search_term_string}\"},\"query-input\":{\"@type\":\"PropertyValueSpecification\",\"valueRequired\":true,\"valueName\":\"search_term_string\"}}],\"inLanguage\":\"ca\"},{\"@type\":\"Organization\",\"@id\":\"https:\/\/www.articor.com\/ca\/#organization\",\"name\":\"Articor Cork Products\",\"url\":\"https:\/\/www.articor.com\/ca\/\",\"logo\":{\"@type\":\"ImageObject\",\"inLanguage\":\"ca\",\"@id\":\"https:\/\/www.articor.com\/ca\/#\/schema\/logo\/image\/\",\"url\":\"https:\/\/www.articor.com\/wp-content\/uploads\/2023\/11\/logo_-blau_gris.png\",\"contentUrl\":\"https:\/\/www.articor.com\/wp-content\/uploads\/2023\/11\/logo_-blau_gris.png\",\"width\":233,\"height\":72,\"caption\":\"Articor Cork Products\"},\"image\":{\"@id\":\"https:\/\/www.articor.com\/ca\/#\/schema\/logo\/image\/\"}}]}<\/script>\n<!-- \/ Yoast SEO plugin. -->","yoast_head_json":{"title":"Model Garbi - Articor Cork Products","robots":{"index":"index","follow":"follow","max-snippet":"max-snippet:-1","max-image-preview":"max-image-preview:large","max-video-preview":"max-video-preview:-1"},"canonical":"https:\/\/www.articor.com\/ca\/producto\/model-garbi\/","og_locale":"ca_ES","og_type":"article","og_title":"Model Garbi - Articor Cork Products","og_description":"Suro de qualitat superior, estructura lineal, compost de peces de suro i encenalls , tot el proc\u00e9s per a la composici\u00f3 d&#8217;aquest model \u00e9s manual. T\u00e9 un tacte suau i agradable. Disponible en alguns colors ( consulteu disponibilitat) . Aquest material \u00e9s perfecte per fabricar bosses, cal\u00e7at, carteres, decoraci\u00f3 d&#8217;interiors, entapissar mobles fins i tot [&hellip;]","og_url":"https:\/\/www.articor.com\/ca\/producto\/model-garbi\/","og_site_name":"Articor Cork Products","article_modified_time":"2024-09-25T10:51:38+00:00","og_image":[{"width":1446,"height":1446,"url":"https:\/\/www.articor.com\/wp-content\/uploads\/2023\/11\/modelo-garbi-0-e1716191800231.jpg","type":"image\/jpeg"}],"twitter_card":"summary_large_image","schema":{"@context":"https:\/\/schema.org","@graph":[{"@type":"WebPage","@id":"https:\/\/www.articor.com\/ca\/producto\/model-garbi\/","url":"https:\/\/www.articor.com\/ca\/producto\/model-garbi\/","name":"Model Garbi - Articor Cork Products","isPartOf":{"@id":"https:\/\/www.articor.com\/ca\/#website"},"primaryImageOfPage":{"@id":"https:\/\/www.articor.com\/ca\/producto\/model-garbi\/#primaryimage"},"image":{"@id":"https:\/\/www.articor.com\/ca\/producto\/model-garbi\/#primaryimage"},"thumbnailUrl":"https:\/\/www.articor.com\/wp-content\/uploads\/2023\/11\/modelo-garbi-0-e1716191800231.jpg","datePublished":"2023-11-10T11:30:40+00:00","dateModified":"2024-09-25T10:51:38+00:00","breadcrumb":{"@id":"https:\/\/www.articor.com\/ca\/producto\/model-garbi\/#breadcrumb"},"inLanguage":"ca","potentialAction":[{"@type":"ReadAction","target":["https:\/\/www.articor.com\/ca\/producto\/model-garbi\/"]}]},{"@type":"ImageObject","inLanguage":"ca","@id":"https:\/\/www.articor.com\/ca\/producto\/model-garbi\/#primaryimage","url":"https:\/\/www.articor.com\/wp-content\/uploads\/2023\/11\/modelo-garbi-0-e1716191800231.jpg","contentUrl":"https:\/\/www.articor.com\/wp-content\/uploads\/2023\/11\/modelo-garbi-0-e1716191800231.jpg","width":1446,"height":1446},{"@type":"BreadcrumbList","@id":"https:\/\/www.articor.com\/ca\/producto\/model-garbi\/#breadcrumb","itemListElement":[{"@type":"ListItem","position":1,"name":"Portada","item":"https:\/\/www.articor.com\/ca\/home\/"},{"@type":"ListItem","position":2,"name":"Productes","item":"https:\/\/www.articor.com\/ca\/shop\/"},{"@type":"ListItem","position":3,"name":"Model Garbi"}]},{"@type":"WebSite","@id":"https:\/\/www.articor.com\/ca\/#website","url":"https:\/\/www.articor.com\/ca\/","name":"Articor Cork Products","description":"Fabricantes de productos derivados del corcho","publisher":{"@id":"https:\/\/www.articor.com\/ca\/#organization"},"potentialAction":[{"@type":"SearchAction","target":{"@type":"EntryPoint","urlTemplate":"https:\/\/www.articor.com\/ca\/?s={search_term_string}"},"query-input":{"@type":"PropertyValueSpecification","valueRequired":true,"valueName":"search_term_string"}}],"inLanguage":"ca"},{"@type":"Organization","@id":"https:\/\/www.articor.com\/ca\/#organization","name":"Articor Cork Products","url":"https:\/\/www.articor.com\/ca\/","logo":{"@type":"ImageObject","inLanguage":"ca","@id":"https:\/\/www.articor.com\/ca\/#\/schema\/logo\/image\/","url":"https:\/\/www.articor.com\/wp-content\/uploads\/2023\/11\/logo_-blau_gris.png","contentUrl":"https:\/\/www.articor.com\/wp-content\/uploads\/2023\/11\/logo_-blau_gris.png","width":233,"height":72,"caption":"Articor Cork Products"},"image":{"@id":"https:\/\/www.articor.com\/ca\/#\/schema\/logo\/image\/"}}]}},"_links":{"self":[{"href":"https:\/\/www.articor.com\/ca\/wp-json\/wp\/v2\/product\/1030","targetHints":{"allow":["GET"]}}],"collection":[{"href":"https:\/\/www.articor.com\/ca\/wp-json\/wp\/v2\/product"}],"about":[{"href":"https:\/\/www.articor.com\/ca\/wp-json\/wp\/v2\/types\/product"}],"replies":[{"embeddable":true,"href":"https:\/\/www.articor.com\/ca\/wp-json\/wp\/v2\/comments?post=1030"}],"wp:featuredmedia":[{"embeddable":true,"href":"https:\/\/www.articor.com\/ca\/wp-json\/wp\/v2\/media\/777"}],"wp:attachment":[{"href":"https:\/\/www.articor.com\/ca\/wp-json\/wp\/v2\/media?parent=1030"}],"wp:term":[{"taxonomy":"product_brand","embeddable":true,"href":"https:\/\/www.articor.com\/ca\/wp-json\/wp\/v2\/product_brand?post=1030"},{"taxonomy":"product_cat","embeddable":true,"href":"https:\/\/www.articor.com\/ca\/wp-json\/wp\/v2\/product_cat?post=1030"},{"taxonomy":"product_tag","embeddable":true,"href":"https:\/\/www.articor.com\/ca\/wp-json\/wp\/v2\/product_tag?post=1030"}],"curies":[{"name":"wp","href":"https:\/\/api.w.org\/{rel}","templated":true}]}}