{"id":1026,"date":"2023-11-10T15:52:20","date_gmt":"2023-11-10T14:52:20","guid":{"rendered":"https:\/\/www.articor.com\/producto\/model-tarraco\/"},"modified":"2023-11-10T15:52:20","modified_gmt":"2023-11-10T14:52:20","slug":"model-tarraco","status":"publish","type":"product","link":"https:\/\/www.articor.com\/ca\/producto\/model-tarraco\/","title":{"rendered":"Model Tarraco"},"content":{"rendered":"<p>Suro de qualitat superior, proc\u00e9s de selecci\u00f3 manual, compost de peces de suro de diferent mida. Tot el proc\u00e9s per a la composici\u00f3 d&#8217;aquest model \u00e9s manual. T\u00e9 un tacte suau i agradable.<\/p>\n<p>Disponible en colors, consultar disponibilitat.<\/p>\n<p>Aquest material \u00e9s perfecte per fabricar bosses, cal\u00e7at, carteres, decoraci\u00f3 d&#8217;interiors, entapissar mobles i fins i tot per a manualitats i Patchword. Es pot tallar a l\u00e0ser.<\/p>\n<p>Teixit apte per a vegans.<\/p>\n<p>Est\u00e0 disponible gruix de 0&#8217;85mm aproximadament.<\/p>\n<p>&nbsp;<\/p>\n","protected":false},"excerpt":{"rendered":"<p>Suro de qualitat superior, proc\u00e9s de selecci\u00f3 manual, compost de peces de suro de diferent mida. Tot el proc\u00e9s per a la composici\u00f3 d&#8217;aquest model \u00e9s manual. T\u00e9 un tacte suau i agradable. Disponible en colors, consultar disponibilitat. Aquest material \u00e9s perfecte per fabricar bosses, cal\u00e7at, carteres, decoraci\u00f3 d&#8217;interiors, entapissar mobles i fins i tot [&hellip;]<\/p>\n","protected":false},"featured_media":787,"comment_status":"closed","ping_status":"closed","template":"","meta":{"_et_pb_use_builder":"","_et_pb_old_content":"","_et_gb_content_width":""},"product_brand":[],"product_cat":[40],"product_tag":[],"class_list":{"0":"post-1026","1":"product","2":"type-product","3":"status-publish","4":"has-post-thumbnail","6":"product_cat-textil-suro","8":"first","9":"instock","10":"featured","11":"taxable","12":"shipping-taxable","13":"product-type-simple"},"yoast_head":"<!-- This site is optimized with the Yoast SEO plugin v24.4 - https:\/\/yoast.com\/wordpress\/plugins\/seo\/ -->\n<title>Model Tarraco - Articor Cork Products<\/title>\n<meta name=\"robots\" content=\"index, follow, max-snippet:-1, max-image-preview:large, max-video-preview:-1\" \/>\n<link rel=\"canonical\" href=\"https:\/\/www.articor.com\/ca\/producto\/model-tarraco\/\" \/>\n<meta property=\"og:locale\" content=\"ca_ES\" \/>\n<meta property=\"og:type\" content=\"article\" \/>\n<meta property=\"og:title\" content=\"Model Tarraco - Articor Cork Products\" \/>\n<meta property=\"og:description\" content=\"Suro de qualitat superior, proc\u00e9s de selecci\u00f3 manual, compost de peces de suro de diferent mida. Tot el proc\u00e9s per a la composici\u00f3 d&#8217;aquest model \u00e9s manual. T\u00e9 un tacte suau i agradable. Disponible en colors, consultar disponibilitat. Aquest material \u00e9s perfecte per fabricar bosses, cal\u00e7at, carteres, decoraci\u00f3 d&#8217;interiors, entapissar mobles i fins i tot [&hellip;]\" \/>\n<meta property=\"og:url\" content=\"https:\/\/www.articor.com\/ca\/producto\/model-tarraco\/\" \/>\n<meta property=\"og:site_name\" content=\"Articor Cork Products\" \/>\n<meta property=\"og:image\" content=\"https:\/\/www.articor.com\/wp-content\/uploads\/2023\/11\/modelo-tarraco-1-e1701419770701.jpg\" \/>\n\t<meta property=\"og:image:width\" content=\"2000\" \/>\n\t<meta property=\"og:image:height\" content=\"1530\" \/>\n\t<meta property=\"og:image:type\" content=\"image\/jpeg\" \/>\n<meta name=\"twitter:card\" content=\"summary_large_image\" \/>\n<script type=\"application\/ld+json\" class=\"yoast-schema-graph\">{\"@context\":\"https:\/\/schema.org\",\"@graph\":[{\"@type\":\"WebPage\",\"@id\":\"https:\/\/www.articor.com\/ca\/producto\/model-tarraco\/\",\"url\":\"https:\/\/www.articor.com\/ca\/producto\/model-tarraco\/\",\"name\":\"Model Tarraco - Articor Cork Products\",\"isPartOf\":{\"@id\":\"https:\/\/www.articor.com\/ca\/#website\"},\"primaryImageOfPage\":{\"@id\":\"https:\/\/www.articor.com\/ca\/producto\/model-tarraco\/#primaryimage\"},\"image\":{\"@id\":\"https:\/\/www.articor.com\/ca\/producto\/model-tarraco\/#primaryimage\"},\"thumbnailUrl\":\"https:\/\/www.articor.com\/wp-content\/uploads\/2023\/11\/modelo-tarraco-1-e1701419770701.jpg\",\"datePublished\":\"2023-11-10T14:52:20+00:00\",\"breadcrumb\":{\"@id\":\"https:\/\/www.articor.com\/ca\/producto\/model-tarraco\/#breadcrumb\"},\"inLanguage\":\"ca\",\"potentialAction\":[{\"@type\":\"ReadAction\",\"target\":[\"https:\/\/www.articor.com\/ca\/producto\/model-tarraco\/\"]}]},{\"@type\":\"ImageObject\",\"inLanguage\":\"ca\",\"@id\":\"https:\/\/www.articor.com\/ca\/producto\/model-tarraco\/#primaryimage\",\"url\":\"https:\/\/www.articor.com\/wp-content\/uploads\/2023\/11\/modelo-tarraco-1-e1701419770701.jpg\",\"contentUrl\":\"https:\/\/www.articor.com\/wp-content\/uploads\/2023\/11\/modelo-tarraco-1-e1701419770701.jpg\",\"width\":2000,\"height\":1530},{\"@type\":\"BreadcrumbList\",\"@id\":\"https:\/\/www.articor.com\/ca\/producto\/model-tarraco\/#breadcrumb\",\"itemListElement\":[{\"@type\":\"ListItem\",\"position\":1,\"name\":\"Portada\",\"item\":\"https:\/\/www.articor.com\/ca\/home\/\"},{\"@type\":\"ListItem\",\"position\":2,\"name\":\"Productes\",\"item\":\"https:\/\/www.articor.com\/ca\/shop\/\"},{\"@type\":\"ListItem\",\"position\":3,\"name\":\"Model Tarraco\"}]},{\"@type\":\"WebSite\",\"@id\":\"https:\/\/www.articor.com\/ca\/#website\",\"url\":\"https:\/\/www.articor.com\/ca\/\",\"name\":\"Articor Cork Products\",\"description\":\"Fabricantes de productos derivados del corcho\",\"publisher\":{\"@id\":\"https:\/\/www.articor.com\/ca\/#organization\"},\"potentialAction\":[{\"@type\":\"SearchAction\",\"target\":{\"@type\":\"EntryPoint\",\"urlTemplate\":\"https:\/\/www.articor.com\/ca\/?s={search_term_string}\"},\"query-input\":{\"@type\":\"PropertyValueSpecification\",\"valueRequired\":true,\"valueName\":\"search_term_string\"}}],\"inLanguage\":\"ca\"},{\"@type\":\"Organization\",\"@id\":\"https:\/\/www.articor.com\/ca\/#organization\",\"name\":\"Articor Cork Products\",\"url\":\"https:\/\/www.articor.com\/ca\/\",\"logo\":{\"@type\":\"ImageObject\",\"inLanguage\":\"ca\",\"@id\":\"https:\/\/www.articor.com\/ca\/#\/schema\/logo\/image\/\",\"url\":\"https:\/\/www.articor.com\/wp-content\/uploads\/2023\/11\/logo_-blau_gris.png\",\"contentUrl\":\"https:\/\/www.articor.com\/wp-content\/uploads\/2023\/11\/logo_-blau_gris.png\",\"width\":233,\"height\":72,\"caption\":\"Articor Cork Products\"},\"image\":{\"@id\":\"https:\/\/www.articor.com\/ca\/#\/schema\/logo\/image\/\"}}]}<\/script>\n<!-- \/ Yoast SEO plugin. -->","yoast_head_json":{"title":"Model Tarraco - Articor Cork Products","robots":{"index":"index","follow":"follow","max-snippet":"max-snippet:-1","max-image-preview":"max-image-preview:large","max-video-preview":"max-video-preview:-1"},"canonical":"https:\/\/www.articor.com\/ca\/producto\/model-tarraco\/","og_locale":"ca_ES","og_type":"article","og_title":"Model Tarraco - Articor Cork Products","og_description":"Suro de qualitat superior, proc\u00e9s de selecci\u00f3 manual, compost de peces de suro de diferent mida. Tot el proc\u00e9s per a la composici\u00f3 d&#8217;aquest model \u00e9s manual. T\u00e9 un tacte suau i agradable. Disponible en colors, consultar disponibilitat. Aquest material \u00e9s perfecte per fabricar bosses, cal\u00e7at, carteres, decoraci\u00f3 d&#8217;interiors, entapissar mobles i fins i tot [&hellip;]","og_url":"https:\/\/www.articor.com\/ca\/producto\/model-tarraco\/","og_site_name":"Articor Cork Products","og_image":[{"width":2000,"height":1530,"url":"https:\/\/www.articor.com\/wp-content\/uploads\/2023\/11\/modelo-tarraco-1-e1701419770701.jpg","type":"image\/jpeg"}],"twitter_card":"summary_large_image","schema":{"@context":"https:\/\/schema.org","@graph":[{"@type":"WebPage","@id":"https:\/\/www.articor.com\/ca\/producto\/model-tarraco\/","url":"https:\/\/www.articor.com\/ca\/producto\/model-tarraco\/","name":"Model Tarraco - Articor Cork Products","isPartOf":{"@id":"https:\/\/www.articor.com\/ca\/#website"},"primaryImageOfPage":{"@id":"https:\/\/www.articor.com\/ca\/producto\/model-tarraco\/#primaryimage"},"image":{"@id":"https:\/\/www.articor.com\/ca\/producto\/model-tarraco\/#primaryimage"},"thumbnailUrl":"https:\/\/www.articor.com\/wp-content\/uploads\/2023\/11\/modelo-tarraco-1-e1701419770701.jpg","datePublished":"2023-11-10T14:52:20+00:00","breadcrumb":{"@id":"https:\/\/www.articor.com\/ca\/producto\/model-tarraco\/#breadcrumb"},"inLanguage":"ca","potentialAction":[{"@type":"ReadAction","target":["https:\/\/www.articor.com\/ca\/producto\/model-tarraco\/"]}]},{"@type":"ImageObject","inLanguage":"ca","@id":"https:\/\/www.articor.com\/ca\/producto\/model-tarraco\/#primaryimage","url":"https:\/\/www.articor.com\/wp-content\/uploads\/2023\/11\/modelo-tarraco-1-e1701419770701.jpg","contentUrl":"https:\/\/www.articor.com\/wp-content\/uploads\/2023\/11\/modelo-tarraco-1-e1701419770701.jpg","width":2000,"height":1530},{"@type":"BreadcrumbList","@id":"https:\/\/www.articor.com\/ca\/producto\/model-tarraco\/#breadcrumb","itemListElement":[{"@type":"ListItem","position":1,"name":"Portada","item":"https:\/\/www.articor.com\/ca\/home\/"},{"@type":"ListItem","position":2,"name":"Productes","item":"https:\/\/www.articor.com\/ca\/shop\/"},{"@type":"ListItem","position":3,"name":"Model Tarraco"}]},{"@type":"WebSite","@id":"https:\/\/www.articor.com\/ca\/#website","url":"https:\/\/www.articor.com\/ca\/","name":"Articor Cork Products","description":"Fabricantes de productos derivados del corcho","publisher":{"@id":"https:\/\/www.articor.com\/ca\/#organization"},"potentialAction":[{"@type":"SearchAction","target":{"@type":"EntryPoint","urlTemplate":"https:\/\/www.articor.com\/ca\/?s={search_term_string}"},"query-input":{"@type":"PropertyValueSpecification","valueRequired":true,"valueName":"search_term_string"}}],"inLanguage":"ca"},{"@type":"Organization","@id":"https:\/\/www.articor.com\/ca\/#organization","name":"Articor Cork Products","url":"https:\/\/www.articor.com\/ca\/","logo":{"@type":"ImageObject","inLanguage":"ca","@id":"https:\/\/www.articor.com\/ca\/#\/schema\/logo\/image\/","url":"https:\/\/www.articor.com\/wp-content\/uploads\/2023\/11\/logo_-blau_gris.png","contentUrl":"https:\/\/www.articor.com\/wp-content\/uploads\/2023\/11\/logo_-blau_gris.png","width":233,"height":72,"caption":"Articor Cork Products"},"image":{"@id":"https:\/\/www.articor.com\/ca\/#\/schema\/logo\/image\/"}}]}},"_links":{"self":[{"href":"https:\/\/www.articor.com\/ca\/wp-json\/wp\/v2\/product\/1026","targetHints":{"allow":["GET"]}}],"collection":[{"href":"https:\/\/www.articor.com\/ca\/wp-json\/wp\/v2\/product"}],"about":[{"href":"https:\/\/www.articor.com\/ca\/wp-json\/wp\/v2\/types\/product"}],"replies":[{"embeddable":true,"href":"https:\/\/www.articor.com\/ca\/wp-json\/wp\/v2\/comments?post=1026"}],"wp:featuredmedia":[{"embeddable":true,"href":"https:\/\/www.articor.com\/ca\/wp-json\/wp\/v2\/media\/787"}],"wp:attachment":[{"href":"https:\/\/www.articor.com\/ca\/wp-json\/wp\/v2\/media?parent=1026"}],"wp:term":[{"taxonomy":"product_brand","embeddable":true,"href":"https:\/\/www.articor.com\/ca\/wp-json\/wp\/v2\/product_brand?post=1026"},{"taxonomy":"product_cat","embeddable":true,"href":"https:\/\/www.articor.com\/ca\/wp-json\/wp\/v2\/product_cat?post=1026"},{"taxonomy":"product_tag","embeddable":true,"href":"https:\/\/www.articor.com\/ca\/wp-json\/wp\/v2\/product_tag?post=1026"}],"curies":[{"name":"wp","href":"https:\/\/api.w.org\/{rel}","templated":true}]}}