{"id":1024,"date":"2023-11-05T15:49:28","date_gmt":"2023-11-05T14:49:28","guid":{"rendered":"https:\/\/www.articor.com\/producto\/model-barcelona-2\/"},"modified":"2024-09-25T13:19:24","modified_gmt":"2024-09-25T11:19:24","slug":"model-barcelona-2","status":"publish","type":"product","link":"https:\/\/www.articor.com\/ca\/producto\/model-barcelona-2\/","title":{"rendered":"Model BARCELONA"},"content":{"rendered":"<p>Suro amb porositat m\u00ednima i de bona qualitat, seleccionat manualment, de tacte suau i agradable. Aquest model t\u00e9 infinites possibilitats de colors. \u00c9s perfecte per cosir bosses, cal\u00e7at, carteres, decoraci\u00f3 d&#8217;interiors, entapissar mobles fins i tot per a manualitats i Patchword. Es pot tallar a l\u00e0ser. Teixit apte per a vegans. Est\u00e0 disponible en diversos acabats superficials, colors, suports i els gruixos van des de 0&#8217;5mm fins a 1mm.<\/p>\n","protected":false},"excerpt":{"rendered":"<p>Suro amb porositat m\u00ednima i de bona qualitat, seleccionat manualment, de tacte suau i agradable. Aquest model t\u00e9 infinites possibilitats de colors. \u00c9s perfecte per cosir bosses, cal\u00e7at, carteres, decoraci\u00f3 d&#8217;interiors, entapissar mobles fins i tot per a manualitats i Patchword. Es pot tallar a l\u00e0ser. Teixit apte per a vegans. Est\u00e0 disponible en diversos [&hellip;]<\/p>\n","protected":false},"featured_media":623,"comment_status":"closed","ping_status":"closed","template":"","meta":{"_et_pb_use_builder":"","_et_pb_old_content":"","_et_gb_content_width":""},"product_brand":[],"product_cat":[40],"product_tag":[],"class_list":{"0":"post-1024","1":"product","2":"type-product","3":"status-publish","4":"has-post-thumbnail","6":"product_cat-textil-suro","8":"first","9":"instock","10":"featured","11":"taxable","12":"shipping-taxable","13":"product-type-simple"},"yoast_head":"<!-- This site is optimized with the Yoast SEO plugin v24.4 - https:\/\/yoast.com\/wordpress\/plugins\/seo\/ -->\n<title>Model BARCELONA - Articor Cork Products<\/title>\n<meta name=\"robots\" content=\"index, follow, max-snippet:-1, max-image-preview:large, max-video-preview:-1\" \/>\n<link rel=\"canonical\" href=\"https:\/\/www.articor.com\/ca\/producto\/model-barcelona-2\/\" \/>\n<meta property=\"og:locale\" content=\"ca_ES\" \/>\n<meta property=\"og:type\" content=\"article\" \/>\n<meta property=\"og:title\" content=\"Model BARCELONA - Articor Cork Products\" \/>\n<meta property=\"og:description\" content=\"Suro amb porositat m\u00ednima i de bona qualitat, seleccionat manualment, de tacte suau i agradable. Aquest model t\u00e9 infinites possibilitats de colors. \u00c9s perfecte per cosir bosses, cal\u00e7at, carteres, decoraci\u00f3 d&#8217;interiors, entapissar mobles fins i tot per a manualitats i Patchword. Es pot tallar a l\u00e0ser. Teixit apte per a vegans. Est\u00e0 disponible en diversos [&hellip;]\" \/>\n<meta property=\"og:url\" content=\"https:\/\/www.articor.com\/ca\/producto\/model-barcelona-2\/\" \/>\n<meta property=\"og:site_name\" content=\"Articor Cork Products\" \/>\n<meta property=\"article:modified_time\" content=\"2024-09-25T11:19:24+00:00\" \/>\n<meta property=\"og:image\" content=\"https:\/\/www.articor.com\/wp-content\/uploads\/2023\/11\/textil-corcho-barcelona-e1716192243996.jpg\" \/>\n\t<meta property=\"og:image:width\" content=\"1498\" \/>\n\t<meta property=\"og:image:height\" content=\"1498\" \/>\n\t<meta property=\"og:image:type\" content=\"image\/jpeg\" \/>\n<meta name=\"twitter:card\" content=\"summary_large_image\" \/>\n<script type=\"application\/ld+json\" class=\"yoast-schema-graph\">{\"@context\":\"https:\/\/schema.org\",\"@graph\":[{\"@type\":\"WebPage\",\"@id\":\"https:\/\/www.articor.com\/ca\/producto\/model-barcelona-2\/\",\"url\":\"https:\/\/www.articor.com\/ca\/producto\/model-barcelona-2\/\",\"name\":\"Model BARCELONA - Articor Cork Products\",\"isPartOf\":{\"@id\":\"https:\/\/www.articor.com\/ca\/#website\"},\"primaryImageOfPage\":{\"@id\":\"https:\/\/www.articor.com\/ca\/producto\/model-barcelona-2\/#primaryimage\"},\"image\":{\"@id\":\"https:\/\/www.articor.com\/ca\/producto\/model-barcelona-2\/#primaryimage\"},\"thumbnailUrl\":\"https:\/\/www.articor.com\/wp-content\/uploads\/2023\/11\/textil-corcho-barcelona-e1716192243996.jpg\",\"datePublished\":\"2023-11-05T14:49:28+00:00\",\"dateModified\":\"2024-09-25T11:19:24+00:00\",\"breadcrumb\":{\"@id\":\"https:\/\/www.articor.com\/ca\/producto\/model-barcelona-2\/#breadcrumb\"},\"inLanguage\":\"ca\",\"potentialAction\":[{\"@type\":\"ReadAction\",\"target\":[\"https:\/\/www.articor.com\/ca\/producto\/model-barcelona-2\/\"]}]},{\"@type\":\"ImageObject\",\"inLanguage\":\"ca\",\"@id\":\"https:\/\/www.articor.com\/ca\/producto\/model-barcelona-2\/#primaryimage\",\"url\":\"https:\/\/www.articor.com\/wp-content\/uploads\/2023\/11\/textil-corcho-barcelona-e1716192243996.jpg\",\"contentUrl\":\"https:\/\/www.articor.com\/wp-content\/uploads\/2023\/11\/textil-corcho-barcelona-e1716192243996.jpg\",\"width\":1498,\"height\":1498,\"caption\":\"teixit-suro-teixit- Articor\"},{\"@type\":\"BreadcrumbList\",\"@id\":\"https:\/\/www.articor.com\/ca\/producto\/model-barcelona-2\/#breadcrumb\",\"itemListElement\":[{\"@type\":\"ListItem\",\"position\":1,\"name\":\"Portada\",\"item\":\"https:\/\/www.articor.com\/ca\/home\/\"},{\"@type\":\"ListItem\",\"position\":2,\"name\":\"Productes\",\"item\":\"https:\/\/www.articor.com\/ca\/shop\/\"},{\"@type\":\"ListItem\",\"position\":3,\"name\":\"Model BARCELONA\"}]},{\"@type\":\"WebSite\",\"@id\":\"https:\/\/www.articor.com\/ca\/#website\",\"url\":\"https:\/\/www.articor.com\/ca\/\",\"name\":\"Articor Cork Products\",\"description\":\"Fabricantes de productos derivados del corcho\",\"publisher\":{\"@id\":\"https:\/\/www.articor.com\/ca\/#organization\"},\"potentialAction\":[{\"@type\":\"SearchAction\",\"target\":{\"@type\":\"EntryPoint\",\"urlTemplate\":\"https:\/\/www.articor.com\/ca\/?s={search_term_string}\"},\"query-input\":{\"@type\":\"PropertyValueSpecification\",\"valueRequired\":true,\"valueName\":\"search_term_string\"}}],\"inLanguage\":\"ca\"},{\"@type\":\"Organization\",\"@id\":\"https:\/\/www.articor.com\/ca\/#organization\",\"name\":\"Articor Cork Products\",\"url\":\"https:\/\/www.articor.com\/ca\/\",\"logo\":{\"@type\":\"ImageObject\",\"inLanguage\":\"ca\",\"@id\":\"https:\/\/www.articor.com\/ca\/#\/schema\/logo\/image\/\",\"url\":\"https:\/\/www.articor.com\/wp-content\/uploads\/2023\/11\/logo_-blau_gris.png\",\"contentUrl\":\"https:\/\/www.articor.com\/wp-content\/uploads\/2023\/11\/logo_-blau_gris.png\",\"width\":233,\"height\":72,\"caption\":\"Articor Cork Products\"},\"image\":{\"@id\":\"https:\/\/www.articor.com\/ca\/#\/schema\/logo\/image\/\"}}]}<\/script>\n<!-- \/ Yoast SEO plugin. -->","yoast_head_json":{"title":"Model BARCELONA - Articor Cork Products","robots":{"index":"index","follow":"follow","max-snippet":"max-snippet:-1","max-image-preview":"max-image-preview:large","max-video-preview":"max-video-preview:-1"},"canonical":"https:\/\/www.articor.com\/ca\/producto\/model-barcelona-2\/","og_locale":"ca_ES","og_type":"article","og_title":"Model BARCELONA - Articor Cork Products","og_description":"Suro amb porositat m\u00ednima i de bona qualitat, seleccionat manualment, de tacte suau i agradable. Aquest model t\u00e9 infinites possibilitats de colors. \u00c9s perfecte per cosir bosses, cal\u00e7at, carteres, decoraci\u00f3 d&#8217;interiors, entapissar mobles fins i tot per a manualitats i Patchword. Es pot tallar a l\u00e0ser. Teixit apte per a vegans. Est\u00e0 disponible en diversos [&hellip;]","og_url":"https:\/\/www.articor.com\/ca\/producto\/model-barcelona-2\/","og_site_name":"Articor Cork Products","article_modified_time":"2024-09-25T11:19:24+00:00","og_image":[{"width":1498,"height":1498,"url":"https:\/\/www.articor.com\/wp-content\/uploads\/2023\/11\/textil-corcho-barcelona-e1716192243996.jpg","type":"image\/jpeg"}],"twitter_card":"summary_large_image","schema":{"@context":"https:\/\/schema.org","@graph":[{"@type":"WebPage","@id":"https:\/\/www.articor.com\/ca\/producto\/model-barcelona-2\/","url":"https:\/\/www.articor.com\/ca\/producto\/model-barcelona-2\/","name":"Model BARCELONA - Articor Cork Products","isPartOf":{"@id":"https:\/\/www.articor.com\/ca\/#website"},"primaryImageOfPage":{"@id":"https:\/\/www.articor.com\/ca\/producto\/model-barcelona-2\/#primaryimage"},"image":{"@id":"https:\/\/www.articor.com\/ca\/producto\/model-barcelona-2\/#primaryimage"},"thumbnailUrl":"https:\/\/www.articor.com\/wp-content\/uploads\/2023\/11\/textil-corcho-barcelona-e1716192243996.jpg","datePublished":"2023-11-05T14:49:28+00:00","dateModified":"2024-09-25T11:19:24+00:00","breadcrumb":{"@id":"https:\/\/www.articor.com\/ca\/producto\/model-barcelona-2\/#breadcrumb"},"inLanguage":"ca","potentialAction":[{"@type":"ReadAction","target":["https:\/\/www.articor.com\/ca\/producto\/model-barcelona-2\/"]}]},{"@type":"ImageObject","inLanguage":"ca","@id":"https:\/\/www.articor.com\/ca\/producto\/model-barcelona-2\/#primaryimage","url":"https:\/\/www.articor.com\/wp-content\/uploads\/2023\/11\/textil-corcho-barcelona-e1716192243996.jpg","contentUrl":"https:\/\/www.articor.com\/wp-content\/uploads\/2023\/11\/textil-corcho-barcelona-e1716192243996.jpg","width":1498,"height":1498,"caption":"teixit-suro-teixit- Articor"},{"@type":"BreadcrumbList","@id":"https:\/\/www.articor.com\/ca\/producto\/model-barcelona-2\/#breadcrumb","itemListElement":[{"@type":"ListItem","position":1,"name":"Portada","item":"https:\/\/www.articor.com\/ca\/home\/"},{"@type":"ListItem","position":2,"name":"Productes","item":"https:\/\/www.articor.com\/ca\/shop\/"},{"@type":"ListItem","position":3,"name":"Model BARCELONA"}]},{"@type":"WebSite","@id":"https:\/\/www.articor.com\/ca\/#website","url":"https:\/\/www.articor.com\/ca\/","name":"Articor Cork Products","description":"Fabricantes de productos derivados del corcho","publisher":{"@id":"https:\/\/www.articor.com\/ca\/#organization"},"potentialAction":[{"@type":"SearchAction","target":{"@type":"EntryPoint","urlTemplate":"https:\/\/www.articor.com\/ca\/?s={search_term_string}"},"query-input":{"@type":"PropertyValueSpecification","valueRequired":true,"valueName":"search_term_string"}}],"inLanguage":"ca"},{"@type":"Organization","@id":"https:\/\/www.articor.com\/ca\/#organization","name":"Articor Cork Products","url":"https:\/\/www.articor.com\/ca\/","logo":{"@type":"ImageObject","inLanguage":"ca","@id":"https:\/\/www.articor.com\/ca\/#\/schema\/logo\/image\/","url":"https:\/\/www.articor.com\/wp-content\/uploads\/2023\/11\/logo_-blau_gris.png","contentUrl":"https:\/\/www.articor.com\/wp-content\/uploads\/2023\/11\/logo_-blau_gris.png","width":233,"height":72,"caption":"Articor Cork Products"},"image":{"@id":"https:\/\/www.articor.com\/ca\/#\/schema\/logo\/image\/"}}]}},"_links":{"self":[{"href":"https:\/\/www.articor.com\/ca\/wp-json\/wp\/v2\/product\/1024","targetHints":{"allow":["GET"]}}],"collection":[{"href":"https:\/\/www.articor.com\/ca\/wp-json\/wp\/v2\/product"}],"about":[{"href":"https:\/\/www.articor.com\/ca\/wp-json\/wp\/v2\/types\/product"}],"replies":[{"embeddable":true,"href":"https:\/\/www.articor.com\/ca\/wp-json\/wp\/v2\/comments?post=1024"}],"wp:featuredmedia":[{"embeddable":true,"href":"https:\/\/www.articor.com\/ca\/wp-json\/wp\/v2\/media\/623"}],"wp:attachment":[{"href":"https:\/\/www.articor.com\/ca\/wp-json\/wp\/v2\/media?parent=1024"}],"wp:term":[{"taxonomy":"product_brand","embeddable":true,"href":"https:\/\/www.articor.com\/ca\/wp-json\/wp\/v2\/product_brand?post=1024"},{"taxonomy":"product_cat","embeddable":true,"href":"https:\/\/www.articor.com\/ca\/wp-json\/wp\/v2\/product_cat?post=1024"},{"taxonomy":"product_tag","embeddable":true,"href":"https:\/\/www.articor.com\/ca\/wp-json\/wp\/v2\/product_tag?post=1024"}],"curies":[{"name":"wp","href":"https:\/\/api.w.org\/{rel}","templated":true}]}}