{"id":1059,"date":"2023-11-04T16:45:56","date_gmt":"2023-11-04T15:45:56","guid":{"rendered":"https:\/\/www.articor.com\/avis-legal\/"},"modified":"2024-09-23T12:19:37","modified_gmt":"2024-09-23T10:19:37","slug":"avis-legal","status":"publish","type":"page","link":"https:\/\/www.articor.com\/ca\/avis-legal\/","title":{"rendered":"Av\u00eds legal"},"content":{"rendered":"<p>[et_pb_section fb_built=&#8221;1&#8243; _builder_version=&#8221;4.16&#8243; global_colors_info=&#8221;{}&#8221;][et_pb_row _builder_version=&#8221;4.16&#8243; background_size=&#8221;initial&#8221; background_position=&#8221;top_left&#8221; background_repeat=&#8221;repeat&#8221; global_colors_info=&#8221;{}&#8221;][et_pb_column type=&#8221;4_4&#8243; _builder_version=&#8221;4.16&#8243; custom_padding=&#8221;|||&#8221; global_colors_info=&#8221;{}&#8221; custom_padding__hover=&#8221;|||&#8221;][et_pb_text _builder_version=&#8221;4.27.0&#8243; background_size=&#8221;initial&#8221; background_position=&#8221;top_left&#8221; background_repeat=&#8221;repeat&#8221; global_colors_info=&#8221;{}&#8221;]<\/p>\n<p><strong>Objecte i acceptaci\u00f3<\/strong><\/p>\n<p>El present av\u00eds legal regula l&#8217;\u00fas del lloc web www.articor.com (en endavant, LA WEB), del qual \u00e9s titular ARTICOR SL.<\/p>\n<p>La navegaci\u00f3 pel lloc web de ARTICOR SL atribueix la condici\u00f3 d&#8217;usuari del mateix i implica l&#8217;acceptaci\u00f3 plena i sense reserves de totes i cadascuna de les disposicions incloses en aquest Av\u00eds Legal, que poden patir modificacions.<\/p>\n<p>L&#8217;usuari s&#8217;obliga a fer un \u00fas correcte del lloc web de conformitat amb les lleis, la bona fe, l&#8217;ordre p\u00fablic, els usos del tr\u00e0fic i el present Av\u00eds Legal. L\u2019usuari respondr\u00e0, davant ARTICOR SL o davant de tercers, de qualssevol danys i perjudicis que poguessin causar com a conseq\u00fc\u00e8ncia de l\u2019 incompliment d&#8217;aquesta obligaci\u00f3.<\/p>\n<p><strong>Identificaci\u00f3 i comunicacions<\/strong><\/p>\n<p>EL PROPIETARI DE LA WEB, en compliment de la Llei 34\/2002, d\u201911 de juliol, de serveis de la societat de la informaci\u00f3 i de comer\u00e7 electr\u00f2nic (LSSI), t&#8217;informa que:<\/p>\n<p>La seva denominaci\u00f3 social \u00e9s: ARTICORK PRODUCTS SLU<\/p>\n<p>El seu nom comercial \u00e9s: ARTICORK PRODUCTS<\/p>\n<p>El seu CIF \u00e9s: B55306955<\/p>\n<p>El seu domicili social est\u00e0 a: C\/ Gas, 10 \u2013 17200 Palafrugell &#8211; Girona<\/p>\n<p>Per comunicar-se amb nosaltres, posem a la vostra disposici\u00f3 diversos mitjans de contacte que es detallen a continuaci\u00f3:<br \/>Tel\u00e8fon: 972 30 07 50<br \/>Correu electr\u00f2nic: comercial@articor.com<\/p>\n<p>Totes les notificacions i comunicacions entre els usuaris i ARTICOR SL es consideraran eficaces, a tots els efectes, quan es realitzin a trav\u00e9s de correu postal o qualsevol altre mitj\u00e0 detallat anteriorment.<\/p>\n<p><strong>Condicions d\u2019acc\u00e9s i utilitzaci\u00f3<\/strong><\/p>\n<p>El lloc web i els seus serveis s\u00f3n d&#8217;acc\u00e9s lliure i gratu\u00eft, no obstant aix\u00f2, ARTICOR SL condiciona la utilitzaci\u00f3 d&#8217;alguns dels serveis oferts a la seva web al previ emplenament del corresponent formulari.<\/p>\n<p>L&#8217;usuari garanteix l&#8217;autenticitat i actualitat de totes aquelles dades que comuniqui a ARTICOR SL i ser\u00e0 l&#8217;\u00fanic responsable de les manifestacions falses o inexactes que realitzi.<\/p>\n<p>L&#8217;usuari es compromet expressament a fer un \u00fas adequat dels continguts i serveis de ARTICOR SL i a no utilitzar-los per, entre d&#8217;altres:<\/p>\n<p>a) Difondre continguts delictius, violents, pornogr\u00e0fics, racistes, xen\u00f2fobs, ofensius, d&#8217;apologia del terrorisme o, en general, contraris a la llei o a l&#8217;ordre p\u00fablic.<\/p>\n<p>b) Introduir a la xarxa virus inform\u00e0tics o realitzar actuacions susceptibles d&#8217;alterar, malmetre, interrompre o generar errors o danys en els documents electr\u00f2nics, les dades o els sistemes f\u00edsics i l\u00f2gics de ARTICOR SL o de terceres persones, aix\u00ed com obstaculitzar l&#8217;acc\u00e9s d&#8217;altres usuaris al lloc web i als seus serveis mitjan\u00e7ant el consum massiu dels recursos inform\u00e0tics a trav\u00e9s dels quals ARTICOR SL presta els seus serveis.<\/p>\n<p>c) Intentar accedir als comptes de correu electr\u00f2nic d&#8217;altres usuaris o a \u00e0rees restringides dels sistemes inform\u00e0tics de ARTICOR SL o de tercers i, si s&#8217;escau, extreure\u2019n informaci\u00f3.<\/p>\n<p>d) Vulnerar els drets de propietat intel\u00b7lectual o industrial, aix\u00ed com violar la confidencialitat de la informaci\u00f3 de ARTICOR SL o de tercers.<\/p>\n<p>e) Suplantar la identitat d&#8217;un altre usuari, de les administracions p\u00fabliques o d&#8217;un tercer.<\/p>\n<p>f) Reproduir, copiar, distribuir, posar a disposici\u00f3 o, de qualsevol altra forma, comunicar p\u00fablicament, transformar o modificar els continguts, llevat que es compti amb l&#8217;autoritzaci\u00f3 del titular dels corresponents drets o aix\u00f2 resulti legalment perm\u00e8s.<\/p>\n<p>g) Demanar dades amb finalitat publicit\u00e0ria i de remetre publicitat de qualsevol classe i comunicacions amb fins de venda o altres de naturalesa comercial sense que hi hagi pr\u00e8via sol\u00b7licitud o consentiment.<\/p>\n<p>Tots els continguts del lloc web, com ara textos, fotografies, gr\u00e0fics, imatges, icones, tecnologia i programari, aix\u00ed com el seu disseny gr\u00e0fic i codis font, constitueixen una obra la propietat de la qual pertany a ARTICOR SL, sense que es puguin entendre cedits a l&#8217;usuari cap dels drets d&#8217;explotaci\u00f3 sobre els mateixos m\u00e9s enll\u00e0 de l\u2019estricament necessari per al correcte \u00fas del web.<\/p>\n<p>En definitiva, els usuaris que accedeixin a aquest lloc web poden visualitzar-ne els continguts i efectuar, si s\u2019escau, c\u00f2pies privades autoritzades, sempre que els elements reprodu\u00efts no siguin cedits posteriorment a tercers, ni s&#8217;instal\u00b7lin a servidors connectats a xarxes, ni siguin objecte de cap tipus d&#8217;explotaci\u00f3. Aix\u00ed mateix, totes les marques, noms comercials o signes distintius de qualsevol classe que apareixen al lloc web s\u00f3n propietat de ARTICOR SL, sense que pugui entendre que l&#8217;\u00fas o acc\u00e9s al mateix atribueixi a l&#8217;usuari dret sobre els mateixos.<\/p>\n<p>La distribuci\u00f3, modificaci\u00f3, cessi\u00f3 o comunicaci\u00f3 p\u00fablica dels continguts i qualsevol altre acte que no hagi estat expressament autoritzat pel titular dels drets d&#8217;explotaci\u00f3 queden prohibits. L&#8217;establiment d&#8217;un hiperenlla\u00e7 no implica, en cap cas, l&#8217;exist\u00e8ncia de relacions entre ARTICOR SL i el propietari del lloc web a la qual s&#8217;estableixi, ni l&#8217;acceptaci\u00f3 i aprovaci\u00f3 per part de ARTICOR SL dels seus continguts o serveis. Aquelles persones que es proposin establir un hiperenlla\u00e7 pr\u00e8viament, han de demanar autoritzaci\u00f3 per escrit a ARTICOR SL. En tot cas, l&#8217;hiperenlla\u00e7 \u00fanicament permetr\u00e0 l&#8217;acc\u00e9s a la homepage o p\u00e0gina d&#8217;inici del nostre lloc web. Aix\u00ed mateix, haur\u00e0 abstenir-se de realitzar manifestacions o indicacions falses, inexactes o incorrectes sobre ARTICOR SL, o incloure continguts il\u00b7l\u00edcits, contraris als bons costums i l&#8217;ordre p\u00fablic.<\/p>\n<p>ARTICOR SL no es responsabilitza de l&#8217;\u00fas que cada usuari li doni als materials posats a disposici\u00f3 en aquest lloc web ni de les actuacions que realitzi en base als<\/p>\n<p><strong>Exclusi\u00f3 de garanties i de responsabilitat<\/strong><\/p>\n<p>El contingut del present lloc web \u00e9s de car\u00e0cter general i t\u00e9 una finalitat merament informativa, sense que es garanteixi plenament l&#8217;acc\u00e9s a tots els continguts, ni la seva exhaustivitat, correcci\u00f3, vig\u00e8ncia o actualitat, ni la seva idone\u00eftat o utilitat per a un objectiu espec\u00edfic.<\/p>\n<p>El propietari de la P\u00e1gina Web exclou, fins on permet l&#8217;ordenament jur\u00eddic, qualsevol responsabilitat pels danys i perjudicis de tota naturalesa derivats de:<\/p>\n<p>a) La impossibilitat d&#8217;acc\u00e9s al lloc web o la falta de veracitat, exactitud, exhaustivitat i\/o actualitat dels continguts, aix\u00ed com l&#8217;exist\u00e8ncia de vicis i defectes de tota classe dels continguts transmesos, difosos, emmagatzemats, posats a disposici\u00f3 als quals s&#8217;hagi accedit a trav\u00e9s del lloc web o dels serveis que s&#8217;ofereixen.<\/p>\n<p>b) La pres\u00e8ncia de virus o d&#8217;altres elements en els continguts que puguin produir alteracions en els sistemes inform\u00e0tics, documents electr\u00f2nics o dades dels usuaris.<\/p>\n<p>c) L\u2019 incompliment de les lleis, la bona fe, l&#8217;ordre p\u00fablic, els usos del tr\u00e0fic i el present av\u00eds legal com a conseq\u00fc\u00e8ncia de l&#8217;\u00fas incorrecte del lloc web. En particular, i a tall d&#8217;exemple, ARTICOR SL no es fa responsable de les actuacions de tercers que vulnerin drets de propietat intel\u00b7lectual i industrial, secrets empresarials, drets a l&#8217;honor, a la intimitat personal i familiar i a la pr\u00f2pia imatge, aix\u00ed com la normativa en mat\u00e8ria de compet\u00e8ncia deslleial i publicitat il\u00b7l\u00edcita.<\/p>\n<p>Aix\u00ed mateix, ARTICOR SL declina qualsevol responsabilitat respecte a la informaci\u00f3 que estigui fora d&#8217;aquest lloc web i no sigui gestionada directament pel nostre webmaster. La funci\u00f3 dels enlla\u00e7os que apareixen en aquest lloc web \u00e9s exclusivament informar l&#8217;usuari sobre l&#8217;exist\u00e8ncia d&#8217;altres fonts que podrien ampliar els continguts oferts per aquest lloc web. ARTICOR SL no garanteix ni \u00e9s responsable del funcionament o de l&#8217;acc\u00e9s als llocs enlla\u00e7ats, ni suggereix, convida o recomana la visita als mateixos, per la qual cosa tampoc no ser\u00e0 responsable dels resultats obtinguts. El propietari de la p\u00e0gina web no \u00e9s responsable de lestabliment dhipervincles per part de tercers.<\/p>\n<p><strong>Publicacions<\/strong><\/p>\n<p>La informaci\u00f3 administrativa facilitada a trav\u00e9s del lloc web no substitueix la publicitat legal de les lleis, normatives, plans, disposicions generals i actes que hagin de ser publicats formalment als diaris oficials de les administracions p\u00fabliques, que constitueixen l&#8217;\u00fanic instrument que d\u00f3na fe de la seva autenticitat i contingut. La informaci\u00f3 disponible en aquest lloc web s&#8217;ha d&#8217;entendre com una guia sense prop\u00f2sit de validesa legal.<\/p>\n<p><i>En virtut del compliment de la normativa EMVCo, MasterCard, VISA i la Directiva Europea PSDII, durant l&#8217;operaci\u00f3 de pagament electr\u00f2nic comunicar\u00e0 informaci\u00f3 referida a la connexi\u00f3 emprada a la sessi\u00f3 al Banc emissor de la targeta per procedir a la validaci\u00f3 de l&#8217;operaci\u00f3 de pagament realitzada per l&#8217;usuari.<\/i><\/p>\n<p>[\/et_pb_text][\/et_pb_column][\/et_pb_row][\/et_pb_section]<\/p>\n","protected":false},"excerpt":{"rendered":"<p>Objecte i acceptaci\u00f3 El present av\u00eds legal regula l&#8217;\u00fas del lloc web www.articor.com (en endavant, LA WEB), del qual \u00e9s titular ARTICOR SL. La navegaci\u00f3 pel lloc web de ARTICOR SL atribueix la condici\u00f3 d&#8217;usuari del mateix i implica l&#8217;acceptaci\u00f3 plena i sense reserves de totes i cadascuna de les disposicions incloses en aquest Av\u00eds [&hellip;]<\/p>\n","protected":false},"author":1,"featured_media":0,"parent":0,"menu_order":0,"comment_status":"closed","ping_status":"closed","template":"","meta":{"_et_pb_use_builder":"on","_et_pb_old_content":"","_et_gb_content_width":"","footnotes":""},"class_list":["post-1059","page","type-page","status-publish","hentry"],"yoast_head":"<!-- This site is optimized with the Yoast SEO plugin v24.4 - https:\/\/yoast.com\/wordpress\/plugins\/seo\/ -->\n<title>Av\u00eds legal - Articor Cork Products<\/title>\n<meta name=\"robots\" content=\"index, follow, max-snippet:-1, max-image-preview:large, max-video-preview:-1\" \/>\n<link rel=\"canonical\" href=\"https:\/\/www.articor.com\/ca\/avis-legal\/\" \/>\n<meta property=\"og:locale\" content=\"ca_ES\" \/>\n<meta property=\"og:type\" content=\"article\" \/>\n<meta property=\"og:title\" content=\"Av\u00eds legal - Articor Cork Products\" \/>\n<meta property=\"og:description\" content=\"Objecte i acceptaci\u00f3 El present av\u00eds legal regula l&#039;\u00fas del lloc web www.articor.com (en endavant, LA WEB), del qual \u00e9s titular ARTICOR SL. La navegaci\u00f3 pel lloc web de ARTICOR SL atribueix la condici\u00f3 d&#039;usuari del mateix i implica l&#039;acceptaci\u00f3 plena i sense reserves de totes i cadascuna de les disposicions incloses en aquest Av\u00eds [&hellip;]\" \/>\n<meta property=\"og:url\" content=\"https:\/\/www.articor.com\/ca\/avis-legal\/\" \/>\n<meta property=\"og:site_name\" content=\"Articor Cork Products\" \/>\n<meta property=\"article:modified_time\" content=\"2024-09-23T10:19:37+00:00\" \/>\n<meta name=\"twitter:card\" content=\"summary_large_image\" \/>\n<meta name=\"twitter:label1\" content=\"Temps estimat de lectura\" \/>\n\t<meta name=\"twitter:data1\" content=\"7 minuts\" \/>\n<script type=\"application\/ld+json\" class=\"yoast-schema-graph\">{\"@context\":\"https:\/\/schema.org\",\"@graph\":[{\"@type\":\"WebPage\",\"@id\":\"https:\/\/www.articor.com\/ca\/avis-legal\/\",\"url\":\"https:\/\/www.articor.com\/ca\/avis-legal\/\",\"name\":\"Av\u00eds legal - Articor Cork Products\",\"isPartOf\":{\"@id\":\"https:\/\/www.articor.com\/ca\/#website\"},\"datePublished\":\"2023-11-04T15:45:56+00:00\",\"dateModified\":\"2024-09-23T10:19:37+00:00\",\"breadcrumb\":{\"@id\":\"https:\/\/www.articor.com\/ca\/avis-legal\/#breadcrumb\"},\"inLanguage\":\"ca\",\"potentialAction\":[{\"@type\":\"ReadAction\",\"target\":[\"https:\/\/www.articor.com\/ca\/avis-legal\/\"]}]},{\"@type\":\"BreadcrumbList\",\"@id\":\"https:\/\/www.articor.com\/ca\/avis-legal\/#breadcrumb\",\"itemListElement\":[{\"@type\":\"ListItem\",\"position\":1,\"name\":\"Portada\",\"item\":\"https:\/\/www.articor.com\/ca\/home\/\"},{\"@type\":\"ListItem\",\"position\":2,\"name\":\"Av\u00eds legal\"}]},{\"@type\":\"WebSite\",\"@id\":\"https:\/\/www.articor.com\/ca\/#website\",\"url\":\"https:\/\/www.articor.com\/ca\/\",\"name\":\"Articor Cork Products\",\"description\":\"Fabricantes de productos derivados del corcho\",\"publisher\":{\"@id\":\"https:\/\/www.articor.com\/ca\/#organization\"},\"potentialAction\":[{\"@type\":\"SearchAction\",\"target\":{\"@type\":\"EntryPoint\",\"urlTemplate\":\"https:\/\/www.articor.com\/ca\/?s={search_term_string}\"},\"query-input\":{\"@type\":\"PropertyValueSpecification\",\"valueRequired\":true,\"valueName\":\"search_term_string\"}}],\"inLanguage\":\"ca\"},{\"@type\":\"Organization\",\"@id\":\"https:\/\/www.articor.com\/ca\/#organization\",\"name\":\"Articor Cork Products\",\"url\":\"https:\/\/www.articor.com\/ca\/\",\"logo\":{\"@type\":\"ImageObject\",\"inLanguage\":\"ca\",\"@id\":\"https:\/\/www.articor.com\/ca\/#\/schema\/logo\/image\/\",\"url\":\"https:\/\/www.articor.com\/wp-content\/uploads\/2023\/11\/logo_-blau_gris.png\",\"contentUrl\":\"https:\/\/www.articor.com\/wp-content\/uploads\/2023\/11\/logo_-blau_gris.png\",\"width\":233,\"height\":72,\"caption\":\"Articor Cork Products\"},\"image\":{\"@id\":\"https:\/\/www.articor.com\/ca\/#\/schema\/logo\/image\/\"}}]}<\/script>\n<!-- \/ Yoast SEO plugin. -->","yoast_head_json":{"title":"Av\u00eds legal - Articor Cork Products","robots":{"index":"index","follow":"follow","max-snippet":"max-snippet:-1","max-image-preview":"max-image-preview:large","max-video-preview":"max-video-preview:-1"},"canonical":"https:\/\/www.articor.com\/ca\/avis-legal\/","og_locale":"ca_ES","og_type":"article","og_title":"Av\u00eds legal - Articor Cork Products","og_description":"Objecte i acceptaci\u00f3 El present av\u00eds legal regula l'\u00fas del lloc web www.articor.com (en endavant, LA WEB), del qual \u00e9s titular ARTICOR SL. La navegaci\u00f3 pel lloc web de ARTICOR SL atribueix la condici\u00f3 d'usuari del mateix i implica l'acceptaci\u00f3 plena i sense reserves de totes i cadascuna de les disposicions incloses en aquest Av\u00eds [&hellip;]","og_url":"https:\/\/www.articor.com\/ca\/avis-legal\/","og_site_name":"Articor Cork Products","article_modified_time":"2024-09-23T10:19:37+00:00","twitter_card":"summary_large_image","twitter_misc":{"Temps estimat de lectura":"7 minuts"},"schema":{"@context":"https:\/\/schema.org","@graph":[{"@type":"WebPage","@id":"https:\/\/www.articor.com\/ca\/avis-legal\/","url":"https:\/\/www.articor.com\/ca\/avis-legal\/","name":"Av\u00eds legal - Articor Cork Products","isPartOf":{"@id":"https:\/\/www.articor.com\/ca\/#website"},"datePublished":"2023-11-04T15:45:56+00:00","dateModified":"2024-09-23T10:19:37+00:00","breadcrumb":{"@id":"https:\/\/www.articor.com\/ca\/avis-legal\/#breadcrumb"},"inLanguage":"ca","potentialAction":[{"@type":"ReadAction","target":["https:\/\/www.articor.com\/ca\/avis-legal\/"]}]},{"@type":"BreadcrumbList","@id":"https:\/\/www.articor.com\/ca\/avis-legal\/#breadcrumb","itemListElement":[{"@type":"ListItem","position":1,"name":"Portada","item":"https:\/\/www.articor.com\/ca\/home\/"},{"@type":"ListItem","position":2,"name":"Av\u00eds legal"}]},{"@type":"WebSite","@id":"https:\/\/www.articor.com\/ca\/#website","url":"https:\/\/www.articor.com\/ca\/","name":"Articor Cork Products","description":"Fabricantes de productos derivados del corcho","publisher":{"@id":"https:\/\/www.articor.com\/ca\/#organization"},"potentialAction":[{"@type":"SearchAction","target":{"@type":"EntryPoint","urlTemplate":"https:\/\/www.articor.com\/ca\/?s={search_term_string}"},"query-input":{"@type":"PropertyValueSpecification","valueRequired":true,"valueName":"search_term_string"}}],"inLanguage":"ca"},{"@type":"Organization","@id":"https:\/\/www.articor.com\/ca\/#organization","name":"Articor Cork Products","url":"https:\/\/www.articor.com\/ca\/","logo":{"@type":"ImageObject","inLanguage":"ca","@id":"https:\/\/www.articor.com\/ca\/#\/schema\/logo\/image\/","url":"https:\/\/www.articor.com\/wp-content\/uploads\/2023\/11\/logo_-blau_gris.png","contentUrl":"https:\/\/www.articor.com\/wp-content\/uploads\/2023\/11\/logo_-blau_gris.png","width":233,"height":72,"caption":"Articor Cork Products"},"image":{"@id":"https:\/\/www.articor.com\/ca\/#\/schema\/logo\/image\/"}}]}},"_links":{"self":[{"href":"https:\/\/www.articor.com\/ca\/wp-json\/wp\/v2\/pages\/1059","targetHints":{"allow":["GET"]}}],"collection":[{"href":"https:\/\/www.articor.com\/ca\/wp-json\/wp\/v2\/pages"}],"about":[{"href":"https:\/\/www.articor.com\/ca\/wp-json\/wp\/v2\/types\/page"}],"author":[{"embeddable":true,"href":"https:\/\/www.articor.com\/ca\/wp-json\/wp\/v2\/users\/1"}],"replies":[{"embeddable":true,"href":"https:\/\/www.articor.com\/ca\/wp-json\/wp\/v2\/comments?post=1059"}],"version-history":[{"count":11,"href":"https:\/\/www.articor.com\/ca\/wp-json\/wp\/v2\/pages\/1059\/revisions"}],"predecessor-version":[{"id":2566,"href":"https:\/\/www.articor.com\/ca\/wp-json\/wp\/v2\/pages\/1059\/revisions\/2566"}],"wp:attachment":[{"href":"https:\/\/www.articor.com\/ca\/wp-json\/wp\/v2\/media?parent=1059"}],"curies":[{"name":"wp","href":"https:\/\/api.w.org\/{rel}","templated":true}]}}