{"id":1050,"date":"2023-11-06T17:23:40","date_gmt":"2023-11-06T16:23:40","guid":{"rendered":"https:\/\/www.articor.com\/paper-suro\/"},"modified":"2025-01-07T12:52:03","modified_gmt":"2025-01-07T11:52:03","slug":"paper-suro","status":"publish","type":"page","link":"https:\/\/www.articor.com\/ca\/paper-suro\/","title":{"rendered":"Paper suro"},"content":{"rendered":"<p>[et_pb_section fb_built=&#8221;1&#8243; fullwidth=&#8221;on&#8221; disabled_on=&#8221;off|off|off&#8221; _builder_version=&#8221;4.24.3&#8243; _module_preset=&#8221;default&#8221; background_color=&#8221;#1C4273&#8243; background_image=&#8221;https:\/\/www.articor.com\/wp-content\/uploads\/2023\/11\/papel-corcho-slide-3.jpg&#8221; global_colors_info=&#8221;{}&#8221;][et_pb_fullwidth_slider arrows_custom_color=&#8221;#1C4273&#8243; dot_nav_custom_color=&#8221;#1C4273&#8243; _builder_version=&#8221;4.27.4&#8243; _module_preset=&#8221;default&#8221; custom_padding=&#8221;210px||184px|||&#8221; auto=&#8221;on&#8221; auto_speed=&#8221;6000&#8243; hover_enabled=&#8221;0&#8243; locked=&#8221;off&#8221; global_colors_info=&#8221;{}&#8221; sticky_enabled=&#8221;0&#8243;][et_pb_slide heading=&#8221;PAPER SURO&#8221; _builder_version=&#8221;4.27.4&#8243; _module_preset=&#8221;default&#8221; background_image=&#8221;https:\/\/www.articor.com\/wp-content\/uploads\/2023\/11\/papel-corcho-slide-3.jpg&#8221; background_enable_image=&#8221;on&#8221; hover_enabled=&#8221;0&#8243; locked=&#8221;off&#8221; global_colors_info=&#8221;{}&#8221; sticky_transition=&#8221;on&#8221; header_font=&#8221;Allerta Stencil||||||||&#8221; header_text_shadow_style=&#8221;preset2&#8243; header_text_shadow_color=&#8221;#000000&#8243; header_level=&#8221;h2&#8243; sticky_enabled=&#8221;0&#8243; header_font_size=&#8221;60px&#8221;][\/et_pb_slide][et_pb_slide heading=&#8221;PAPER SURO&#8221; _builder_version=&#8221;4.27.4&#8243; _module_preset=&#8221;default&#8221; body_font=&#8221;|800|||||||&#8221; background_image=&#8221;https:\/\/www.articor.com\/wp-content\/uploads\/2024\/05\/corkpaper2-scaled.jpg&#8221; background_enable_image=&#8221;on&#8221; hover_enabled=&#8221;0&#8243; locked=&#8221;off&#8221; global_colors_info=&#8221;{}&#8221; sticky_transition=&#8221;on&#8221; header_font=&#8221;Allerta Stencil||||||||&#8221; header_text_shadow_style=&#8221;preset2&#8243; header_text_shadow_color=&#8221;#000000&#8243; header_level=&#8221;h2&#8243; header_font_size=&#8221;60px&#8221; sticky_enabled=&#8221;0&#8243;][\/et_pb_slide][\/et_pb_fullwidth_slider][\/et_pb_section][et_pb_section fb_built=&#8221;1&#8243; _builder_version=&#8221;4.23&#8243; _module_preset=&#8221;default&#8221; custom_padding=&#8221;||0px|||&#8221; global_colors_info=&#8221;{}&#8221;][et_pb_row _builder_version=&#8221;4.23&#8243; _module_preset=&#8221;default&#8221; global_colors_info=&#8221;{}&#8221;][et_pb_column type=&#8221;4_4&#8243; _builder_version=&#8221;4.23&#8243; _module_preset=&#8221;default&#8221; global_colors_info=&#8221;{}&#8221;][et_pb_text _builder_version=&#8221;4.24.3&#8243; _module_preset=&#8221;default&#8221; text_font_size=&#8221;18px&#8221; text_orientation=&#8221;center&#8221; global_colors_info=&#8221;{}&#8221;]<\/p>\n<h2 style=\"text-align: center;\">Paper de suro i autoadhesiu de suro<\/h2>\n<p style=\"text-align: center;\"><strong>El nostre paper<\/strong>, <strong>paper autoadhesiu o cartolina de <a href=\"https:\/\/es.wikipedia.org\/wiki\/Corcho\">suro<\/a><\/strong>, no nom\u00e9s s\u00f3n perfectes per etiquetes, targetes, postals, arts gr\u00e0fiques, enquadernaci\u00f3 i decoraci\u00f3 d\u2019interiors, sin\u00f3 tamb\u00e9 per donar via lliure a les teves activitats artesanals i art\u00edstiques. La superficie \u00e9s de suro natural i el revers o suport pot ser de paper, autoadhesiu o cartolina.<\/p>\n<p style=\"text-align: center;\">Busca etiquetes per les seves botelles de vi? El nostre <strong> paper autoadhesiu<\/strong> \u00e9s perfecte per aix\u00f2!<\/p>\n<p style=\"text-align: center;\">La textura i l\u2019atractiu visual del nostre suro el conquistaran i convertiran els seus dissenys en productes exclusius. S\u00f3n l\u2019elecci\u00f3 perfecte per afegir eleg\u00e0ncia i distinci\u00f3 als seus projectes.<\/p>\n<h4 style=\"text-align: center;\"><strong>Descobreixi l\u2019encant<\/strong> <strong>i la versatilitat<\/strong> <strong>del paper de suro d\u2019Articork.<\/strong><\/h4>\n<p style=\"text-align: center;\"><strong>Recordi que s\u00f3m fabricants! <\/strong><\/p>\n<p style=\"text-align: center;\">Comprom\u00eds i constant innovaci\u00f3 \u00e9s el que ens caracteritza, per aix\u00f2 estem en constant desenvolupament de nous dissenys a m\u00e9s de productes personalitzats que s\u2019adapten a les seves necessitats. Tenim la possibilitat de produir <strong>colors en alguns models de paper de suro<\/strong> que els permetr\u00e0 donar un toc de distinci\u00f3 i exclusivitat al seu projecte.<\/p>\n<p style=\"text-align: center;\">Disposem d\u2019innombrables tipus de suro, estructures lineals, abstractes, granulats, combinats, si no troba el que busca consulti\u2019ns!<\/p>\n<p style=\"text-align: center;\">\n<p>&nbsp;<\/p>\n<p>[\/et_pb_text][\/et_pb_column][\/et_pb_row][et_pb_row column_structure=&#8221;1_2,1_4,1_4&#8243; _builder_version=&#8221;4.23&#8243; _module_preset=&#8221;default&#8221; custom_padding=&#8221;1px|||||&#8221; global_colors_info=&#8221;{}&#8221;][et_pb_column type=&#8221;1_2&#8243; _builder_version=&#8221;4.23&#8243; _module_preset=&#8221;default&#8221; global_colors_info=&#8221;{}&#8221;][et_pb_text _builder_version=&#8221;4.24.3&#8243; _module_preset=&#8221;default&#8221; global_colors_info=&#8221;{}&#8221;]<\/p>\n<p><strong>Fabriquem diferents tipus de paper de suro: <\/strong><\/p>\n<ul>\n<li><strong>Paper <\/strong> &#8211; fibres poliamida i poli\u00e8ster amb m\u00e8tode d&#8217;impregnaci\u00f3 especial<\/li>\n<\/ul>\n<p style=\"padding-left: 40px;\">Grosor 0\u201922mm \/ peso: 145 gr\/m2<br \/>Aplicaciones: Paredes, etiquetar\u00eda, encuadernaci\u00f3n, artes gr\u00e1ficas y manualidades.<\/p>\n<ul>\n<li><strong>Autoadhesiu.<\/strong> -Pes: 210gr\/m2 \/ gruix:0&#8217;25mm<\/li>\n<li>Aplicacions: etiquetes adhesives i manualitats.<\/li>\n<\/ul>\n<ul>\n<li><strong>Cartolina blanca <\/strong> \u2013 pes:300gr\/m2- gruix:0\u20194mm<\/li>\n<\/ul>\n<p>[\/et_pb_text][\/et_pb_column][et_pb_column type=&#8221;1_4&#8243; _builder_version=&#8221;4.23&#8243; _module_preset=&#8221;default&#8221; global_colors_info=&#8221;{}&#8221;][et_pb_image src=&#8221;https:\/\/www.articor.com\/wp-content\/uploads\/2023\/11\/soporte-1.jpg&#8221; show_in_lightbox=&#8221;on&#8221; admin_label=&#8221;Imagen&#8221; _builder_version=&#8221;4.23.1&#8243; _module_preset=&#8221;default&#8221; global_colors_info=&#8221;{}&#8221;][\/et_pb_image][\/et_pb_column][et_pb_column type=&#8221;1_4&#8243; _builder_version=&#8221;4.23&#8243; _module_preset=&#8221;default&#8221; global_colors_info=&#8221;{}&#8221;][et_pb_image src=&#8221;https:\/\/www.articor.com\/wp-content\/uploads\/2023\/11\/soporte-2.jpg&#8221; show_in_lightbox=&#8221;on&#8221; _builder_version=&#8221;4.23.1&#8243; _module_preset=&#8221;default&#8221; global_colors_info=&#8221;{}&#8221;][\/et_pb_image][\/et_pb_column][\/et_pb_row][\/et_pb_section][et_pb_section fb_built=&#8221;1&#8243; _builder_version=&#8221;4.23&#8243; _module_preset=&#8221;default&#8221; background_color=&#8221;rgba(147,156,161,0.35)&#8221; custom_padding=&#8221;30px||14px|||&#8221; global_colors_info=&#8221;{}&#8221;][et_pb_row _builder_version=&#8221;4.23&#8243; _module_preset=&#8221;default&#8221; global_colors_info=&#8221;{}&#8221;][et_pb_column type=&#8221;4_4&#8243; _builder_version=&#8221;4.23&#8243; _module_preset=&#8221;default&#8221; global_colors_info=&#8221;{}&#8221;][et_pb_text _builder_version=&#8221;4.23&#8243; _module_preset=&#8221;default&#8221; global_colors_info=&#8221;{}&#8221;]<\/p>\n<h3>MODELS:<\/h3>\n<p>[\/et_pb_text][et_pb_shop type=&#8221;product_category&#8221; include_categories=&#8221;19&#8243; columns_number=&#8221;4&#8243; show_price=&#8221;off&#8221; show_rating=&#8221;off&#8221; show_sale_badge=&#8221;off&#8221; _builder_version=&#8221;4.23&#8243; _module_preset=&#8221;default&#8221; title_text_align=&#8221;center&#8221; global_colors_info=&#8221;{}&#8221;][\/et_pb_shop][\/et_pb_column][\/et_pb_row][\/et_pb_section]<\/p>\n","protected":false},"excerpt":{"rendered":"<p>Paper de suro i autoadhesiu de suro El nostre paper, paper autoadhesiu o cartolina de suro, no nom\u00e9s s\u00f3n perfectes per etiquetes, targetes, postals, arts gr\u00e0fiques, enquadernaci\u00f3 i decoraci\u00f3 d\u2019interiors, sin\u00f3 tamb\u00e9 per donar via lliure a les teves activitats artesanals i art\u00edstiques. La superficie \u00e9s de suro natural i el revers o suport pot [&hellip;]<\/p>\n","protected":false},"author":1,"featured_media":0,"parent":0,"menu_order":0,"comment_status":"closed","ping_status":"closed","template":"","meta":{"_et_pb_use_builder":"on","_et_pb_old_content":"","_et_gb_content_width":"","footnotes":""},"class_list":["post-1050","page","type-page","status-publish","hentry"],"yoast_head":"<!-- This site is optimized with the Yoast SEO plugin v24.4 - https:\/\/yoast.com\/wordpress\/plugins\/seo\/ -->\n<title>Paper suro - Articor Cork Products<\/title>\n<meta name=\"description\" content=\"Venda de paper de suro, autoadhesiu de suro i cartolina, per etiquetes, enquadernaci\u00f3 i decoraci\u00f3. Fabricants de paper de suro.\" \/>\n<meta name=\"robots\" content=\"index, follow, max-snippet:-1, max-image-preview:large, max-video-preview:-1\" \/>\n<link rel=\"canonical\" href=\"https:\/\/www.articor.com\/ca\/paper-suro\/\" \/>\n<meta property=\"og:locale\" content=\"ca_ES\" \/>\n<meta property=\"og:type\" content=\"article\" \/>\n<meta property=\"og:title\" content=\"Paper suro - Articor Cork Products\" \/>\n<meta property=\"og:description\" content=\"Venda de paper de suro, autoadhesiu de suro i cartolina, per etiquetes, enquadernaci\u00f3 i decoraci\u00f3. Fabricants de paper de suro.\" \/>\n<meta property=\"og:url\" content=\"https:\/\/www.articor.com\/ca\/paper-suro\/\" \/>\n<meta property=\"og:site_name\" content=\"Articor Cork Products\" \/>\n<meta property=\"article:modified_time\" content=\"2025-01-07T11:52:03+00:00\" \/>\n<meta name=\"twitter:card\" content=\"summary_large_image\" \/>\n<meta name=\"twitter:label1\" content=\"Temps estimat de lectura\" \/>\n\t<meta name=\"twitter:data1\" content=\"4 minuts\" \/>\n<script type=\"application\/ld+json\" class=\"yoast-schema-graph\">{\"@context\":\"https:\/\/schema.org\",\"@graph\":[{\"@type\":\"WebPage\",\"@id\":\"https:\/\/www.articor.com\/ca\/paper-suro\/\",\"url\":\"https:\/\/www.articor.com\/ca\/paper-suro\/\",\"name\":\"Paper suro - Articor Cork Products\",\"isPartOf\":{\"@id\":\"https:\/\/www.articor.com\/ca\/#website\"},\"datePublished\":\"2023-11-06T16:23:40+00:00\",\"dateModified\":\"2025-01-07T11:52:03+00:00\",\"description\":\"Venda de paper de suro, autoadhesiu de suro i cartolina, per etiquetes, enquadernaci\u00f3 i decoraci\u00f3. Fabricants de paper de suro.\",\"breadcrumb\":{\"@id\":\"https:\/\/www.articor.com\/ca\/paper-suro\/#breadcrumb\"},\"inLanguage\":\"ca\",\"potentialAction\":[{\"@type\":\"ReadAction\",\"target\":[\"https:\/\/www.articor.com\/ca\/paper-suro\/\"]}]},{\"@type\":\"BreadcrumbList\",\"@id\":\"https:\/\/www.articor.com\/ca\/paper-suro\/#breadcrumb\",\"itemListElement\":[{\"@type\":\"ListItem\",\"position\":1,\"name\":\"Portada\",\"item\":\"https:\/\/www.articor.com\/ca\/home\/\"},{\"@type\":\"ListItem\",\"position\":2,\"name\":\"Paper suro\"}]},{\"@type\":\"WebSite\",\"@id\":\"https:\/\/www.articor.com\/ca\/#website\",\"url\":\"https:\/\/www.articor.com\/ca\/\",\"name\":\"Articor Cork Products\",\"description\":\"Fabricantes de productos derivados del corcho\",\"publisher\":{\"@id\":\"https:\/\/www.articor.com\/ca\/#organization\"},\"potentialAction\":[{\"@type\":\"SearchAction\",\"target\":{\"@type\":\"EntryPoint\",\"urlTemplate\":\"https:\/\/www.articor.com\/ca\/?s={search_term_string}\"},\"query-input\":{\"@type\":\"PropertyValueSpecification\",\"valueRequired\":true,\"valueName\":\"search_term_string\"}}],\"inLanguage\":\"ca\"},{\"@type\":\"Organization\",\"@id\":\"https:\/\/www.articor.com\/ca\/#organization\",\"name\":\"Articor Cork Products\",\"url\":\"https:\/\/www.articor.com\/ca\/\",\"logo\":{\"@type\":\"ImageObject\",\"inLanguage\":\"ca\",\"@id\":\"https:\/\/www.articor.com\/ca\/#\/schema\/logo\/image\/\",\"url\":\"https:\/\/www.articor.com\/wp-content\/uploads\/2023\/11\/logo_-blau_gris.png\",\"contentUrl\":\"https:\/\/www.articor.com\/wp-content\/uploads\/2023\/11\/logo_-blau_gris.png\",\"width\":233,\"height\":72,\"caption\":\"Articor Cork Products\"},\"image\":{\"@id\":\"https:\/\/www.articor.com\/ca\/#\/schema\/logo\/image\/\"}}]}<\/script>\n<!-- \/ Yoast SEO plugin. -->","yoast_head_json":{"title":"Paper suro - Articor Cork Products","description":"Venda de paper de suro, autoadhesiu de suro i cartolina, per etiquetes, enquadernaci\u00f3 i decoraci\u00f3. Fabricants de paper de suro.","robots":{"index":"index","follow":"follow","max-snippet":"max-snippet:-1","max-image-preview":"max-image-preview:large","max-video-preview":"max-video-preview:-1"},"canonical":"https:\/\/www.articor.com\/ca\/paper-suro\/","og_locale":"ca_ES","og_type":"article","og_title":"Paper suro - Articor Cork Products","og_description":"Venda de paper de suro, autoadhesiu de suro i cartolina, per etiquetes, enquadernaci\u00f3 i decoraci\u00f3. Fabricants de paper de suro.","og_url":"https:\/\/www.articor.com\/ca\/paper-suro\/","og_site_name":"Articor Cork Products","article_modified_time":"2025-01-07T11:52:03+00:00","twitter_card":"summary_large_image","twitter_misc":{"Temps estimat de lectura":"4 minuts"},"schema":{"@context":"https:\/\/schema.org","@graph":[{"@type":"WebPage","@id":"https:\/\/www.articor.com\/ca\/paper-suro\/","url":"https:\/\/www.articor.com\/ca\/paper-suro\/","name":"Paper suro - Articor Cork Products","isPartOf":{"@id":"https:\/\/www.articor.com\/ca\/#website"},"datePublished":"2023-11-06T16:23:40+00:00","dateModified":"2025-01-07T11:52:03+00:00","description":"Venda de paper de suro, autoadhesiu de suro i cartolina, per etiquetes, enquadernaci\u00f3 i decoraci\u00f3. Fabricants de paper de suro.","breadcrumb":{"@id":"https:\/\/www.articor.com\/ca\/paper-suro\/#breadcrumb"},"inLanguage":"ca","potentialAction":[{"@type":"ReadAction","target":["https:\/\/www.articor.com\/ca\/paper-suro\/"]}]},{"@type":"BreadcrumbList","@id":"https:\/\/www.articor.com\/ca\/paper-suro\/#breadcrumb","itemListElement":[{"@type":"ListItem","position":1,"name":"Portada","item":"https:\/\/www.articor.com\/ca\/home\/"},{"@type":"ListItem","position":2,"name":"Paper suro"}]},{"@type":"WebSite","@id":"https:\/\/www.articor.com\/ca\/#website","url":"https:\/\/www.articor.com\/ca\/","name":"Articor Cork Products","description":"Fabricantes de productos derivados del corcho","publisher":{"@id":"https:\/\/www.articor.com\/ca\/#organization"},"potentialAction":[{"@type":"SearchAction","target":{"@type":"EntryPoint","urlTemplate":"https:\/\/www.articor.com\/ca\/?s={search_term_string}"},"query-input":{"@type":"PropertyValueSpecification","valueRequired":true,"valueName":"search_term_string"}}],"inLanguage":"ca"},{"@type":"Organization","@id":"https:\/\/www.articor.com\/ca\/#organization","name":"Articor Cork Products","url":"https:\/\/www.articor.com\/ca\/","logo":{"@type":"ImageObject","inLanguage":"ca","@id":"https:\/\/www.articor.com\/ca\/#\/schema\/logo\/image\/","url":"https:\/\/www.articor.com\/wp-content\/uploads\/2023\/11\/logo_-blau_gris.png","contentUrl":"https:\/\/www.articor.com\/wp-content\/uploads\/2023\/11\/logo_-blau_gris.png","width":233,"height":72,"caption":"Articor Cork Products"},"image":{"@id":"https:\/\/www.articor.com\/ca\/#\/schema\/logo\/image\/"}}]}},"_links":{"self":[{"href":"https:\/\/www.articor.com\/ca\/wp-json\/wp\/v2\/pages\/1050","targetHints":{"allow":["GET"]}}],"collection":[{"href":"https:\/\/www.articor.com\/ca\/wp-json\/wp\/v2\/pages"}],"about":[{"href":"https:\/\/www.articor.com\/ca\/wp-json\/wp\/v2\/types\/page"}],"author":[{"embeddable":true,"href":"https:\/\/www.articor.com\/ca\/wp-json\/wp\/v2\/users\/1"}],"replies":[{"embeddable":true,"href":"https:\/\/www.articor.com\/ca\/wp-json\/wp\/v2\/comments?post=1050"}],"version-history":[{"count":33,"href":"https:\/\/www.articor.com\/ca\/wp-json\/wp\/v2\/pages\/1050\/revisions"}],"predecessor-version":[{"id":3670,"href":"https:\/\/www.articor.com\/ca\/wp-json\/wp\/v2\/pages\/1050\/revisions\/3670"}],"wp:attachment":[{"href":"https:\/\/www.articor.com\/ca\/wp-json\/wp\/v2\/media?parent=1050"}],"curies":[{"name":"wp","href":"https:\/\/api.w.org\/{rel}","templated":true}]}}